{"id":1951,"date":"2025-05-09T17:52:03","date_gmt":"2025-05-09T14:52:03","guid":{"rendered":"https:\/\/papageorgiou-aeve.gr\/?post_type=product&#038;p=1951"},"modified":"2025-05-13T13:14:10","modified_gmt":"2025-05-13T10:14:10","slug":"melamini-swiss-krono-u2653-vl-light-grey-portaki","status":"publish","type":"product","link":"https:\/\/papageorgiou-aeve.gr\/fr\/produit\/melamini-swiss-krono-u2653-vl-light-grey-portaki\/","title":{"rendered":"M\u00e9lamine Swiss Krono U2653 VL Gris Clair"},"content":{"rendered":"","protected":false},"excerpt":{"rendered":"<p>Les portes en m\u00e9lamine sont tr\u00e8s pratiques et faciles \u00e0 utiliser. Elles se nettoient facilement avec un chiffon et ne se tachent pas. Elles sont disponibles dans une grande vari\u00e9t\u00e9 de couleurs et de motifs pour s\u2019adapter \u00e0 tous les espaces. Elles sont durables et restent intactes pendant des ann\u00e9es. De plus, elles sont plus \u00e9conomiques que d\u2019autres mat\u00e9riaux, c\u2019est pourquoi beaucoup les choisissent pour les cuisines et les armoires.<\/p>","protected":false},"featured_media":912,"template":"","meta":{"_monsterinsights_skip_tracking":false,"_monsterinsights_sitenote_active":false,"_monsterinsights_sitenote_note":"","_monsterinsights_sitenote_category":0},"product_brand":[191],"product_cat":[21,249],"product_tag":[],"class_list":{"0":"post-1951","1":"product","2":"type-product","3":"status-publish","4":"has-post-thumbnail","6":"product_brand-swiss-krono","7":"product_cat-portakia-kouzinas-ntoulapas","8":"product_cat-portakia-melaminis","10":"first","11":"instock","12":"shipping-taxable","13":"product-type-simple"},"yoast_head":"<!-- This site is optimized with the Yoast SEO plugin v26.7 - https:\/\/yoast.com\/wordpress\/plugins\/seo\/ -->\n<title>\u039c\u03b5\u03bb\u03b1\u03bc\u03af\u03bd\u03b7 Swiss Krono U2653 VL Light Grey | \u03a0\u03b1\u03c0\u03b1\u03b3\u03b5\u03c9\u03c1\u03b3\u03af\u03bf\u03c5 \u0391\u0395\u0392\u0395<\/title>\n<meta name=\"description\" content=\"\u0391\u03bd\u03b1\u03ba\u03b1\u03bb\u03cd\u03c8\u03c4\u03b5 \u03c4\u03bf \u03c0\u03c1\u03bf\u03ca\u03cc\u03bd &quot;\u039c\u03b5\u03bb\u03b1\u03bc\u03af\u03bd\u03b7 Swiss Krono U2653 VL Light Grey&quot; \u03ba\u03b1\u03b9 \u03ac\u03bb\u03bb\u03b1 \u03c0\u03bf\u03b9\u03bf\u03c4\u03b9\u03ba\u03ac \u03c5\u03bb\u03b9\u03ba\u03ac \u03be\u03c5\u03bb\u03b5\u03af\u03b1\u03c2 \u03b1\u03c0\u03cc \u03c4\u03b7\u03bd \u03a0\u03b1\u03c0\u03b1\u03b3\u03b5\u03c9\u03c1\u03b3\u03af\u03bf\u03c5 \u0391\u0395\u0392\u0395 \u03bc\u03b5 \u03b5\u03bc\u03c0\u03b5\u03b9\u03c1\u03af\u03b1 \u03b1\u03c0\u03cc \u03c4\u03bf 1947.\" \/>\n<meta name=\"robots\" content=\"index, follow, max-snippet:-1, max-image-preview:large, max-video-preview:-1\" \/>\n<link rel=\"canonical\" href=\"https:\/\/papageorgiou-aeve.gr\/fr\/produit\/melamini-swiss-krono-u2653-vl-light-grey-portaki\/\" \/>\n<meta property=\"og:locale\" content=\"fr_FR\" \/>\n<meta property=\"og:type\" content=\"article\" \/>\n<meta property=\"og:title\" content=\"\u039c\u03b5\u03bb\u03b1\u03bc\u03af\u03bd\u03b7 Swiss Krono U2653 VL Light Grey | \u03a0\u03b1\u03c0\u03b1\u03b3\u03b5\u03c9\u03c1\u03b3\u03af\u03bf\u03c5 \u0391\u0395\u0392\u0395\" \/>\n<meta property=\"og:description\" content=\"\u0391\u03bd\u03b1\u03ba\u03b1\u03bb\u03cd\u03c8\u03c4\u03b5 \u03c4\u03bf \u03c0\u03c1\u03bf\u03ca\u03cc\u03bd &quot;\u039c\u03b5\u03bb\u03b1\u03bc\u03af\u03bd\u03b7 Swiss Krono U2653 VL Light Grey&quot; \u03ba\u03b1\u03b9 \u03ac\u03bb\u03bb\u03b1 \u03c0\u03bf\u03b9\u03bf\u03c4\u03b9\u03ba\u03ac \u03c5\u03bb\u03b9\u03ba\u03ac \u03be\u03c5\u03bb\u03b5\u03af\u03b1\u03c2 \u03b1\u03c0\u03cc \u03c4\u03b7\u03bd \u03a0\u03b1\u03c0\u03b1\u03b3\u03b5\u03c9\u03c1\u03b3\u03af\u03bf\u03c5 \u0391\u0395\u0392\u0395 \u03bc\u03b5 \u03b5\u03bc\u03c0\u03b5\u03b9\u03c1\u03af\u03b1 \u03b1\u03c0\u03cc \u03c4\u03bf 1947.\" \/>\n<meta property=\"og:url\" content=\"https:\/\/papageorgiou-aeve.gr\/fr\/produit\/melamini-swiss-krono-u2653-vl-light-grey-portaki\/\" \/>\n<meta property=\"og:site_name\" content=\"\u03a0\u03b1\u03c0\u03b1\u03b3\u03b5\u03c9\u03c1\u03b3\u03af\u03bf\u03c5 \u0391\u0395\u0392\u0395\" \/>\n<meta property=\"article:publisher\" content=\"https:\/\/www.facebook.com\/papageorgiouaeve\" \/>\n<meta property=\"article:modified_time\" content=\"2025-05-13T10:14:10+00:00\" \/>\n<meta property=\"og:image\" content=\"https:\/\/papageorgiou-aeve.gr\/wp-content\/uploads\/2025\/02\/melamini-Swiss-Krono-U2653-VL-Light-Grey.webp\" \/>\n\t<meta property=\"og:image:width\" content=\"600\" \/>\n\t<meta property=\"og:image:height\" content=\"600\" \/>\n\t<meta property=\"og:image:type\" content=\"image\/webp\" \/>\n<meta name=\"twitter:card\" content=\"summary_large_image\" \/>\n<meta name=\"twitter:label1\" content=\"Dur\u00e9e de lecture estim\u00e9e\" \/>\n\t<meta name=\"twitter:data1\" content=\"1 minute\" \/>\n<script type=\"application\/ld+json\" class=\"yoast-schema-graph\">{\"@context\":\"https:\/\/schema.org\",\"@graph\":[{\"@type\":\"WebPage\",\"@id\":\"https:\/\/papageorgiou-aeve.gr\/product\/melamini-swiss-krono-u2653-vl-light-grey-portaki\/\",\"url\":\"https:\/\/papageorgiou-aeve.gr\/product\/melamini-swiss-krono-u2653-vl-light-grey-portaki\/\",\"name\":\"\u039c\u03b5\u03bb\u03b1\u03bc\u03af\u03bd\u03b7 Swiss Krono U2653 VL Light Grey | \u03a0\u03b1\u03c0\u03b1\u03b3\u03b5\u03c9\u03c1\u03b3\u03af\u03bf\u03c5 \u0391\u0395\u0392\u0395\",\"isPartOf\":{\"@id\":\"https:\/\/papageorgiou-aeve.gr\/#website\"},\"primaryImageOfPage\":{\"@id\":\"https:\/\/papageorgiou-aeve.gr\/product\/melamini-swiss-krono-u2653-vl-light-grey-portaki\/#primaryimage\"},\"image\":{\"@id\":\"https:\/\/papageorgiou-aeve.gr\/product\/melamini-swiss-krono-u2653-vl-light-grey-portaki\/#primaryimage\"},\"thumbnailUrl\":\"https:\/\/papageorgiou-aeve.gr\/wp-content\/uploads\/2025\/02\/melamini-Swiss-Krono-U2653-VL-Light-Grey.webp\",\"datePublished\":\"2025-05-09T14:52:03+00:00\",\"dateModified\":\"2025-05-13T10:14:10+00:00\",\"description\":\"\u0391\u03bd\u03b1\u03ba\u03b1\u03bb\u03cd\u03c8\u03c4\u03b5 \u03c4\u03bf \u03c0\u03c1\u03bf\u03ca\u03cc\u03bd \\\"\u039c\u03b5\u03bb\u03b1\u03bc\u03af\u03bd\u03b7 Swiss Krono U2653 VL Light Grey\\\" \u03ba\u03b1\u03b9 \u03ac\u03bb\u03bb\u03b1 \u03c0\u03bf\u03b9\u03bf\u03c4\u03b9\u03ba\u03ac \u03c5\u03bb\u03b9\u03ba\u03ac \u03be\u03c5\u03bb\u03b5\u03af\u03b1\u03c2 \u03b1\u03c0\u03cc \u03c4\u03b7\u03bd \u03a0\u03b1\u03c0\u03b1\u03b3\u03b5\u03c9\u03c1\u03b3\u03af\u03bf\u03c5 \u0391\u0395\u0392\u0395 \u03bc\u03b5 \u03b5\u03bc\u03c0\u03b5\u03b9\u03c1\u03af\u03b1 \u03b1\u03c0\u03cc \u03c4\u03bf 1947.\",\"breadcrumb\":{\"@id\":\"https:\/\/papageorgiou-aeve.gr\/product\/melamini-swiss-krono-u2653-vl-light-grey-portaki\/#breadcrumb\"},\"inLanguage\":\"fr-FR\",\"potentialAction\":[{\"@type\":\"ReadAction\",\"target\":[\"https:\/\/papageorgiou-aeve.gr\/product\/melamini-swiss-krono-u2653-vl-light-grey-portaki\/\"]}]},{\"@type\":\"ImageObject\",\"inLanguage\":\"fr-FR\",\"@id\":\"https:\/\/papageorgiou-aeve.gr\/product\/melamini-swiss-krono-u2653-vl-light-grey-portaki\/#primaryimage\",\"url\":\"https:\/\/papageorgiou-aeve.gr\/wp-content\/uploads\/2025\/02\/melamini-Swiss-Krono-U2653-VL-Light-Grey.webp\",\"contentUrl\":\"https:\/\/papageorgiou-aeve.gr\/wp-content\/uploads\/2025\/02\/melamini-Swiss-Krono-U2653-VL-Light-Grey.webp\",\"width\":600,\"height\":600,\"caption\":\"melamini Swiss Krono U2653 VL Light Grey\"},{\"@type\":\"BreadcrumbList\",\"@id\":\"https:\/\/papageorgiou-aeve.gr\/product\/melamini-swiss-krono-u2653-vl-light-grey-portaki\/#breadcrumb\",\"itemListElement\":[{\"@type\":\"ListItem\",\"position\":1,\"name\":\"\u0391\u03c1\u03c7\u03b9\u03ba\u03ae\",\"item\":\"https:\/\/papageorgiou-aeve.gr\/\"},{\"@type\":\"ListItem\",\"position\":2,\"name\":\"\u039a\u03b1\u03c4\u03ac\u03bb\u03bf\u03b3\u03bf\u03c2\",\"item\":\"https:\/\/papageorgiou-aeve.gr\/catalog\/\"},{\"@type\":\"ListItem\",\"position\":3,\"name\":\"\u039c\u03b5\u03bb\u03b1\u03bc\u03af\u03bd\u03b7 Swiss Krono U2653 VL Light Grey\"}]},{\"@type\":\"WebSite\",\"@id\":\"https:\/\/papageorgiou-aeve.gr\/#website\",\"url\":\"https:\/\/papageorgiou-aeve.gr\/\",\"name\":\"\u03a0\u03b1\u03c0\u03b1\u03b3\u03b5\u03c9\u03c1\u03b3\u03af\u03bf\u03c5 \u0391\u0395\u0392\u0395\",\"description\":\"\u0395\u03c4\u03b1\u03b9\u03c1\u03b5\u03af\u03b1 \u0395\u03bc\u03c0\u03bf\u03c1\u03af\u03bf\u03c5 \u039e\u03c5\u03bb\u03b5\u03af\u03b1\u03c2 \u039b\u03ad\u03c3\u03b2\u03bf\u03c5\",\"publisher\":{\"@id\":\"https:\/\/papageorgiou-aeve.gr\/#organization\"},\"alternateName\":\"\u0395\u03c4\u03b1\u03b9\u03c1\u03b5\u03af\u03b1 \u0395\u03bc\u03c0\u03bf\u03c1\u03af\u03bf\u03c5 \u039e\u03c5\u03bb\u03b5\u03af\u03b1\u03c2 \u039b\u03ad\u03c3\u03b2\u03bf\u03c5\",\"potentialAction\":[{\"@type\":\"SearchAction\",\"target\":{\"@type\":\"EntryPoint\",\"urlTemplate\":\"https:\/\/papageorgiou-aeve.gr\/?s={search_term_string}\"},\"query-input\":{\"@type\":\"PropertyValueSpecification\",\"valueRequired\":true,\"valueName\":\"search_term_string\"}}],\"inLanguage\":\"fr-FR\"},{\"@type\":\"Organization\",\"@id\":\"https:\/\/papageorgiou-aeve.gr\/#organization\",\"name\":\"\u03a0\u03b1\u03c0\u03b1\u03b3\u03b5\u03c9\u03c1\u03b3\u03af\u03bf\u03c5 \u0391\u0395\u0392\u0395\",\"alternateName\":\"\u0395\u03c4\u03b1\u03b9\u03c1\u03b5\u03af\u03b1 \u0395\u03bc\u03c0\u03bf\u03c1\u03af\u03bf\u03c5 \u039e\u03c5\u03bb\u03b5\u03af\u03b1\u03c2 \u039b\u03ad\u03c3\u03b2\u03bf\u03c5\",\"url\":\"https:\/\/papageorgiou-aeve.gr\/\",\"logo\":{\"@type\":\"ImageObject\",\"inLanguage\":\"fr-FR\",\"@id\":\"https:\/\/papageorgiou-aeve.gr\/#\/schema\/logo\/image\/\",\"url\":\"https:\/\/papageorgiou-aeve.gr\/wp-content\/uploads\/2025\/01\/papageorgiou-aebe-logo-696.png\",\"contentUrl\":\"https:\/\/papageorgiou-aeve.gr\/wp-content\/uploads\/2025\/01\/papageorgiou-aebe-logo-696.png\",\"width\":696,\"height\":696,\"caption\":\"\u03a0\u03b1\u03c0\u03b1\u03b3\u03b5\u03c9\u03c1\u03b3\u03af\u03bf\u03c5 \u0391\u0395\u0392\u0395\"},\"image\":{\"@id\":\"https:\/\/papageorgiou-aeve.gr\/#\/schema\/logo\/image\/\"},\"sameAs\":[\"https:\/\/www.facebook.com\/papageorgiouaeve\"]}]}<\/script>\n<!-- \/ Yoast SEO plugin. -->","yoast_head_json":{"title":"\u039c\u03b5\u03bb\u03b1\u03bc\u03af\u03bd\u03b7 Swiss Krono U2653 VL Light Grey | \u03a0\u03b1\u03c0\u03b1\u03b3\u03b5\u03c9\u03c1\u03b3\u03af\u03bf\u03c5 \u0391\u0395\u0392\u0395","description":"\u0391\u03bd\u03b1\u03ba\u03b1\u03bb\u03cd\u03c8\u03c4\u03b5 \u03c4\u03bf \u03c0\u03c1\u03bf\u03ca\u03cc\u03bd \"\u039c\u03b5\u03bb\u03b1\u03bc\u03af\u03bd\u03b7 Swiss Krono U2653 VL Light Grey\" \u03ba\u03b1\u03b9 \u03ac\u03bb\u03bb\u03b1 \u03c0\u03bf\u03b9\u03bf\u03c4\u03b9\u03ba\u03ac \u03c5\u03bb\u03b9\u03ba\u03ac \u03be\u03c5\u03bb\u03b5\u03af\u03b1\u03c2 \u03b1\u03c0\u03cc \u03c4\u03b7\u03bd \u03a0\u03b1\u03c0\u03b1\u03b3\u03b5\u03c9\u03c1\u03b3\u03af\u03bf\u03c5 \u0391\u0395\u0392\u0395 \u03bc\u03b5 \u03b5\u03bc\u03c0\u03b5\u03b9\u03c1\u03af\u03b1 \u03b1\u03c0\u03cc \u03c4\u03bf 1947.","robots":{"index":"index","follow":"follow","max-snippet":"max-snippet:-1","max-image-preview":"max-image-preview:large","max-video-preview":"max-video-preview:-1"},"canonical":"https:\/\/papageorgiou-aeve.gr\/fr\/produit\/melamini-swiss-krono-u2653-vl-light-grey-portaki\/","og_locale":"fr_FR","og_type":"article","og_title":"\u039c\u03b5\u03bb\u03b1\u03bc\u03af\u03bd\u03b7 Swiss Krono U2653 VL Light Grey | \u03a0\u03b1\u03c0\u03b1\u03b3\u03b5\u03c9\u03c1\u03b3\u03af\u03bf\u03c5 \u0391\u0395\u0392\u0395","og_description":"\u0391\u03bd\u03b1\u03ba\u03b1\u03bb\u03cd\u03c8\u03c4\u03b5 \u03c4\u03bf \u03c0\u03c1\u03bf\u03ca\u03cc\u03bd \"\u039c\u03b5\u03bb\u03b1\u03bc\u03af\u03bd\u03b7 Swiss Krono U2653 VL Light Grey\" \u03ba\u03b1\u03b9 \u03ac\u03bb\u03bb\u03b1 \u03c0\u03bf\u03b9\u03bf\u03c4\u03b9\u03ba\u03ac \u03c5\u03bb\u03b9\u03ba\u03ac \u03be\u03c5\u03bb\u03b5\u03af\u03b1\u03c2 \u03b1\u03c0\u03cc \u03c4\u03b7\u03bd \u03a0\u03b1\u03c0\u03b1\u03b3\u03b5\u03c9\u03c1\u03b3\u03af\u03bf\u03c5 \u0391\u0395\u0392\u0395 \u03bc\u03b5 \u03b5\u03bc\u03c0\u03b5\u03b9\u03c1\u03af\u03b1 \u03b1\u03c0\u03cc \u03c4\u03bf 1947.","og_url":"https:\/\/papageorgiou-aeve.gr\/fr\/produit\/melamini-swiss-krono-u2653-vl-light-grey-portaki\/","og_site_name":"\u03a0\u03b1\u03c0\u03b1\u03b3\u03b5\u03c9\u03c1\u03b3\u03af\u03bf\u03c5 \u0391\u0395\u0392\u0395","article_publisher":"https:\/\/www.facebook.com\/papageorgiouaeve","article_modified_time":"2025-05-13T10:14:10+00:00","og_image":[{"width":600,"height":600,"url":"https:\/\/papageorgiou-aeve.gr\/wp-content\/uploads\/2025\/02\/melamini-Swiss-Krono-U2653-VL-Light-Grey.webp","type":"image\/webp"}],"twitter_card":"summary_large_image","twitter_misc":{"Dur\u00e9e de lecture estim\u00e9e":"1 minute"},"schema":{"@context":"https:\/\/schema.org","@graph":[{"@type":"WebPage","@id":"https:\/\/papageorgiou-aeve.gr\/product\/melamini-swiss-krono-u2653-vl-light-grey-portaki\/","url":"https:\/\/papageorgiou-aeve.gr\/product\/melamini-swiss-krono-u2653-vl-light-grey-portaki\/","name":"\u039c\u03b5\u03bb\u03b1\u03bc\u03af\u03bd\u03b7 Swiss Krono U2653 VL Light Grey | \u03a0\u03b1\u03c0\u03b1\u03b3\u03b5\u03c9\u03c1\u03b3\u03af\u03bf\u03c5 \u0391\u0395\u0392\u0395","isPartOf":{"@id":"https:\/\/papageorgiou-aeve.gr\/#website"},"primaryImageOfPage":{"@id":"https:\/\/papageorgiou-aeve.gr\/product\/melamini-swiss-krono-u2653-vl-light-grey-portaki\/#primaryimage"},"image":{"@id":"https:\/\/papageorgiou-aeve.gr\/product\/melamini-swiss-krono-u2653-vl-light-grey-portaki\/#primaryimage"},"thumbnailUrl":"https:\/\/papageorgiou-aeve.gr\/wp-content\/uploads\/2025\/02\/melamini-Swiss-Krono-U2653-VL-Light-Grey.webp","datePublished":"2025-05-09T14:52:03+00:00","dateModified":"2025-05-13T10:14:10+00:00","description":"\u0391\u03bd\u03b1\u03ba\u03b1\u03bb\u03cd\u03c8\u03c4\u03b5 \u03c4\u03bf \u03c0\u03c1\u03bf\u03ca\u03cc\u03bd \"\u039c\u03b5\u03bb\u03b1\u03bc\u03af\u03bd\u03b7 Swiss Krono U2653 VL Light Grey\" \u03ba\u03b1\u03b9 \u03ac\u03bb\u03bb\u03b1 \u03c0\u03bf\u03b9\u03bf\u03c4\u03b9\u03ba\u03ac \u03c5\u03bb\u03b9\u03ba\u03ac \u03be\u03c5\u03bb\u03b5\u03af\u03b1\u03c2 \u03b1\u03c0\u03cc \u03c4\u03b7\u03bd \u03a0\u03b1\u03c0\u03b1\u03b3\u03b5\u03c9\u03c1\u03b3\u03af\u03bf\u03c5 \u0391\u0395\u0392\u0395 \u03bc\u03b5 \u03b5\u03bc\u03c0\u03b5\u03b9\u03c1\u03af\u03b1 \u03b1\u03c0\u03cc \u03c4\u03bf 1947.","breadcrumb":{"@id":"https:\/\/papageorgiou-aeve.gr\/product\/melamini-swiss-krono-u2653-vl-light-grey-portaki\/#breadcrumb"},"inLanguage":"fr-FR","potentialAction":[{"@type":"ReadAction","target":["https:\/\/papageorgiou-aeve.gr\/product\/melamini-swiss-krono-u2653-vl-light-grey-portaki\/"]}]},{"@type":"ImageObject","inLanguage":"fr-FR","@id":"https:\/\/papageorgiou-aeve.gr\/product\/melamini-swiss-krono-u2653-vl-light-grey-portaki\/#primaryimage","url":"https:\/\/papageorgiou-aeve.gr\/wp-content\/uploads\/2025\/02\/melamini-Swiss-Krono-U2653-VL-Light-Grey.webp","contentUrl":"https:\/\/papageorgiou-aeve.gr\/wp-content\/uploads\/2025\/02\/melamini-Swiss-Krono-U2653-VL-Light-Grey.webp","width":600,"height":600,"caption":"melamini Swiss Krono U2653 VL Light Grey"},{"@type":"BreadcrumbList","@id":"https:\/\/papageorgiou-aeve.gr\/product\/melamini-swiss-krono-u2653-vl-light-grey-portaki\/#breadcrumb","itemListElement":[{"@type":"ListItem","position":1,"name":"\u0391\u03c1\u03c7\u03b9\u03ba\u03ae","item":"https:\/\/papageorgiou-aeve.gr\/"},{"@type":"ListItem","position":2,"name":"\u039a\u03b1\u03c4\u03ac\u03bb\u03bf\u03b3\u03bf\u03c2","item":"https:\/\/papageorgiou-aeve.gr\/catalog\/"},{"@type":"ListItem","position":3,"name":"\u039c\u03b5\u03bb\u03b1\u03bc\u03af\u03bd\u03b7 Swiss Krono U2653 VL Light Grey"}]},{"@type":"WebSite","@id":"https:\/\/papageorgiou-aeve.gr\/#website","url":"https:\/\/papageorgiou-aeve.gr\/","name":"Papageorgiou S.A.","description":"\u0395\u03c4\u03b1\u03b9\u03c1\u03b5\u03af\u03b1 \u0395\u03bc\u03c0\u03bf\u03c1\u03af\u03bf\u03c5 \u039e\u03c5\u03bb\u03b5\u03af\u03b1\u03c2 \u039b\u03ad\u03c3\u03b2\u03bf\u03c5","publisher":{"@id":"https:\/\/papageorgiou-aeve.gr\/#organization"},"alternateName":"\u0395\u03c4\u03b1\u03b9\u03c1\u03b5\u03af\u03b1 \u0395\u03bc\u03c0\u03bf\u03c1\u03af\u03bf\u03c5 \u039e\u03c5\u03bb\u03b5\u03af\u03b1\u03c2 \u039b\u03ad\u03c3\u03b2\u03bf\u03c5","potentialAction":[{"@type":"SearchAction","target":{"@type":"EntryPoint","urlTemplate":"https:\/\/papageorgiou-aeve.gr\/?s={search_term_string}"},"query-input":{"@type":"PropertyValueSpecification","valueRequired":true,"valueName":"search_term_string"}}],"inLanguage":"fr-FR"},{"@type":"Organization","@id":"https:\/\/papageorgiou-aeve.gr\/#organization","name":"Papageorgiou S.A.","alternateName":"\u0395\u03c4\u03b1\u03b9\u03c1\u03b5\u03af\u03b1 \u0395\u03bc\u03c0\u03bf\u03c1\u03af\u03bf\u03c5 \u039e\u03c5\u03bb\u03b5\u03af\u03b1\u03c2 \u039b\u03ad\u03c3\u03b2\u03bf\u03c5","url":"https:\/\/papageorgiou-aeve.gr\/","logo":{"@type":"ImageObject","inLanguage":"fr-FR","@id":"https:\/\/papageorgiou-aeve.gr\/#\/schema\/logo\/image\/","url":"https:\/\/papageorgiou-aeve.gr\/wp-content\/uploads\/2025\/01\/papageorgiou-aebe-logo-696.png","contentUrl":"https:\/\/papageorgiou-aeve.gr\/wp-content\/uploads\/2025\/01\/papageorgiou-aebe-logo-696.png","width":696,"height":696,"caption":"\u03a0\u03b1\u03c0\u03b1\u03b3\u03b5\u03c9\u03c1\u03b3\u03af\u03bf\u03c5 \u0391\u0395\u0392\u0395"},"image":{"@id":"https:\/\/papageorgiou-aeve.gr\/#\/schema\/logo\/image\/"},"sameAs":["https:\/\/www.facebook.com\/papageorgiouaeve"]}]}},"_links":{"self":[{"href":"https:\/\/papageorgiou-aeve.gr\/fr\/wp-json\/wp\/v2\/product\/1951","targetHints":{"allow":["GET"]}}],"collection":[{"href":"https:\/\/papageorgiou-aeve.gr\/fr\/wp-json\/wp\/v2\/product"}],"about":[{"href":"https:\/\/papageorgiou-aeve.gr\/fr\/wp-json\/wp\/v2\/types\/product"}],"wp:featuredmedia":[{"embeddable":true,"href":"https:\/\/papageorgiou-aeve.gr\/fr\/wp-json\/wp\/v2\/media\/912"}],"wp:attachment":[{"href":"https:\/\/papageorgiou-aeve.gr\/fr\/wp-json\/wp\/v2\/media?parent=1951"}],"wp:term":[{"taxonomy":"product_brand","embeddable":true,"href":"https:\/\/papageorgiou-aeve.gr\/fr\/wp-json\/wp\/v2\/product_brand?post=1951"},{"taxonomy":"product_cat","embeddable":true,"href":"https:\/\/papageorgiou-aeve.gr\/fr\/wp-json\/wp\/v2\/product_cat?post=1951"},{"taxonomy":"product_tag","embeddable":true,"href":"https:\/\/papageorgiou-aeve.gr\/fr\/wp-json\/wp\/v2\/product_tag?post=1951"}],"curies":[{"name":"wp","href":"https:\/\/api.w.org\/{rel}","templated":true}]}}