{"id":1678,"date":"2025-05-07T22:36:43","date_gmt":"2025-05-07T19:36:43","guid":{"rendered":"https:\/\/papageorgiou-aeve.gr\/?post_type=product&#038;p=1678"},"modified":"2025-05-13T13:13:45","modified_gmt":"2025-05-13T10:13:45","slug":"f5349-portaki-kouzinas-hpl-formica-vita","status":"publish","type":"product","link":"https:\/\/papageorgiou-aeve.gr\/fr\/produit\/f5349-portaki-kouzinas-hpl-formica-vita\/","title":{"rendered":"F5349 Porte de cuisine en stratifi\u00e9 HPL Formica Vita"},"content":{"rendered":"","protected":false},"excerpt":{"rendered":"<p>Les portes de placard en stratifi\u00e9 avec courbes se distinguent par leur apparence \u00e9l\u00e9gante et leur style unique. Les angles arrondis conf\u00e8rent au meuble un caract\u00e8re plus doux et moderne. Elles sont tr\u00e8s r\u00e9sistantes \u00e0 l\u2019usage, ne se rayent pas facilement et se nettoient sans effort. De plus, elles offrent une sensation de luxe et sont id\u00e9ales pour ceux qui souhaitent quelque chose d\u2019unique et d\u2019impressionnant dans leur espace.<\/p>","protected":false},"featured_media":1496,"template":"","meta":{"_monsterinsights_skip_tracking":false,"_monsterinsights_sitenote_active":false,"_monsterinsights_sitenote_note":"","_monsterinsights_sitenote_category":0},"product_brand":[251],"product_cat":[266,21],"product_tag":[],"class_list":{"0":"post-1678","1":"product","2":"type-product","3":"status-publish","4":"has-post-thumbnail","6":"product_brand-eltop","7":"product_cat-portakia-vakelitika-me-kourves","8":"product_cat-portakia-kouzinas-ntoulapas","10":"first","11":"instock","12":"shipping-taxable","13":"product-type-simple"},"yoast_head":"<!-- This site is optimized with the Yoast SEO plugin v26.7 - https:\/\/yoast.com\/wordpress\/plugins\/seo\/ -->\n<title>F5349 \u03a0\u03bf\u03c1\u03c4\u03ac\u03ba\u03b9 \u039a\u03bf\u03c5\u03b6\u03af\u03bd\u03b1\u03c2 HPL Formica Vita | \u03a0\u03b1\u03c0\u03b1\u03b3\u03b5\u03c9\u03c1\u03b3\u03af\u03bf\u03c5 \u0391\u0395\u0392\u0395<\/title>\n<meta name=\"description\" content=\"\u0391\u03bd\u03b1\u03ba\u03b1\u03bb\u03cd\u03c8\u03c4\u03b5 \u03c4\u03bf \u03c0\u03c1\u03bf\u03ca\u03cc\u03bd &quot;F5349 \u03a0\u03bf\u03c1\u03c4\u03ac\u03ba\u03b9 \u039a\u03bf\u03c5\u03b6\u03af\u03bd\u03b1\u03c2 HPL Formica Vita&quot; \u03ba\u03b1\u03b9 \u03ac\u03bb\u03bb\u03b1 \u03c0\u03bf\u03b9\u03bf\u03c4\u03b9\u03ba\u03ac \u03c5\u03bb\u03b9\u03ba\u03ac \u03be\u03c5\u03bb\u03b5\u03af\u03b1\u03c2 \u03b1\u03c0\u03cc \u03c4\u03b7\u03bd \u03a0\u03b1\u03c0\u03b1\u03b3\u03b5\u03c9\u03c1\u03b3\u03af\u03bf\u03c5 \u0391\u0395\u0392\u0395 \u03bc\u03b5 \u03b5\u03bc\u03c0\u03b5\u03b9\u03c1\u03af\u03b1 \u03b1\u03c0\u03cc \u03c4\u03bf 1947.\" \/>\n<meta name=\"robots\" content=\"index, follow, max-snippet:-1, max-image-preview:large, max-video-preview:-1\" \/>\n<link rel=\"canonical\" href=\"https:\/\/papageorgiou-aeve.gr\/fr\/produit\/f5349-portaki-kouzinas-hpl-formica-vita\/\" \/>\n<meta property=\"og:locale\" content=\"fr_FR\" \/>\n<meta property=\"og:type\" content=\"article\" \/>\n<meta property=\"og:title\" content=\"F5349 \u03a0\u03bf\u03c1\u03c4\u03ac\u03ba\u03b9 \u039a\u03bf\u03c5\u03b6\u03af\u03bd\u03b1\u03c2 HPL Formica Vita | \u03a0\u03b1\u03c0\u03b1\u03b3\u03b5\u03c9\u03c1\u03b3\u03af\u03bf\u03c5 \u0391\u0395\u0392\u0395\" \/>\n<meta property=\"og:description\" content=\"\u0391\u03bd\u03b1\u03ba\u03b1\u03bb\u03cd\u03c8\u03c4\u03b5 \u03c4\u03bf \u03c0\u03c1\u03bf\u03ca\u03cc\u03bd &quot;F5349 \u03a0\u03bf\u03c1\u03c4\u03ac\u03ba\u03b9 \u039a\u03bf\u03c5\u03b6\u03af\u03bd\u03b1\u03c2 HPL Formica Vita&quot; \u03ba\u03b1\u03b9 \u03ac\u03bb\u03bb\u03b1 \u03c0\u03bf\u03b9\u03bf\u03c4\u03b9\u03ba\u03ac \u03c5\u03bb\u03b9\u03ba\u03ac \u03be\u03c5\u03bb\u03b5\u03af\u03b1\u03c2 \u03b1\u03c0\u03cc \u03c4\u03b7\u03bd \u03a0\u03b1\u03c0\u03b1\u03b3\u03b5\u03c9\u03c1\u03b3\u03af\u03bf\u03c5 \u0391\u0395\u0392\u0395 \u03bc\u03b5 \u03b5\u03bc\u03c0\u03b5\u03b9\u03c1\u03af\u03b1 \u03b1\u03c0\u03cc \u03c4\u03bf 1947.\" \/>\n<meta property=\"og:url\" content=\"https:\/\/papageorgiou-aeve.gr\/fr\/produit\/f5349-portaki-kouzinas-hpl-formica-vita\/\" \/>\n<meta property=\"og:site_name\" content=\"\u03a0\u03b1\u03c0\u03b1\u03b3\u03b5\u03c9\u03c1\u03b3\u03af\u03bf\u03c5 \u0391\u0395\u0392\u0395\" \/>\n<meta property=\"article:publisher\" content=\"https:\/\/www.facebook.com\/papageorgiouaeve\" \/>\n<meta property=\"article:modified_time\" content=\"2025-05-13T10:13:45+00:00\" \/>\n<meta property=\"og:image\" content=\"https:\/\/papageorgiou-aeve.gr\/wp-content\/uploads\/2025\/05\/f5349-portakia-kouzinas-hpl-formica-gloss-eltop-portakia-hpl-formica.webp\" \/>\n\t<meta property=\"og:image:width\" content=\"600\" \/>\n\t<meta property=\"og:image:height\" content=\"600\" \/>\n\t<meta property=\"og:image:type\" content=\"image\/webp\" \/>\n<meta name=\"twitter:card\" content=\"summary_large_image\" \/>\n<meta name=\"twitter:label1\" content=\"Dur\u00e9e de lecture estim\u00e9e\" \/>\n\t<meta name=\"twitter:data1\" content=\"1 minute\" \/>\n<script type=\"application\/ld+json\" class=\"yoast-schema-graph\">{\"@context\":\"https:\/\/schema.org\",\"@graph\":[{\"@type\":\"WebPage\",\"@id\":\"https:\/\/papageorgiou-aeve.gr\/product\/f5349-portaki-kouzinas-hpl-formica-vita\/\",\"url\":\"https:\/\/papageorgiou-aeve.gr\/product\/f5349-portaki-kouzinas-hpl-formica-vita\/\",\"name\":\"F5349 \u03a0\u03bf\u03c1\u03c4\u03ac\u03ba\u03b9 \u039a\u03bf\u03c5\u03b6\u03af\u03bd\u03b1\u03c2 HPL Formica Vita | \u03a0\u03b1\u03c0\u03b1\u03b3\u03b5\u03c9\u03c1\u03b3\u03af\u03bf\u03c5 \u0391\u0395\u0392\u0395\",\"isPartOf\":{\"@id\":\"https:\/\/papageorgiou-aeve.gr\/#website\"},\"primaryImageOfPage\":{\"@id\":\"https:\/\/papageorgiou-aeve.gr\/product\/f5349-portaki-kouzinas-hpl-formica-vita\/#primaryimage\"},\"image\":{\"@id\":\"https:\/\/papageorgiou-aeve.gr\/product\/f5349-portaki-kouzinas-hpl-formica-vita\/#primaryimage\"},\"thumbnailUrl\":\"https:\/\/papageorgiou-aeve.gr\/wp-content\/uploads\/2025\/05\/f5349-portakia-kouzinas-hpl-formica-gloss-eltop-portakia-hpl-formica.webp\",\"datePublished\":\"2025-05-07T19:36:43+00:00\",\"dateModified\":\"2025-05-13T10:13:45+00:00\",\"description\":\"\u0391\u03bd\u03b1\u03ba\u03b1\u03bb\u03cd\u03c8\u03c4\u03b5 \u03c4\u03bf \u03c0\u03c1\u03bf\u03ca\u03cc\u03bd \\\"F5349 \u03a0\u03bf\u03c1\u03c4\u03ac\u03ba\u03b9 \u039a\u03bf\u03c5\u03b6\u03af\u03bd\u03b1\u03c2 HPL Formica Vita\\\" \u03ba\u03b1\u03b9 \u03ac\u03bb\u03bb\u03b1 \u03c0\u03bf\u03b9\u03bf\u03c4\u03b9\u03ba\u03ac \u03c5\u03bb\u03b9\u03ba\u03ac \u03be\u03c5\u03bb\u03b5\u03af\u03b1\u03c2 \u03b1\u03c0\u03cc \u03c4\u03b7\u03bd \u03a0\u03b1\u03c0\u03b1\u03b3\u03b5\u03c9\u03c1\u03b3\u03af\u03bf\u03c5 \u0391\u0395\u0392\u0395 \u03bc\u03b5 \u03b5\u03bc\u03c0\u03b5\u03b9\u03c1\u03af\u03b1 \u03b1\u03c0\u03cc \u03c4\u03bf 1947.\",\"breadcrumb\":{\"@id\":\"https:\/\/papageorgiou-aeve.gr\/product\/f5349-portaki-kouzinas-hpl-formica-vita\/#breadcrumb\"},\"inLanguage\":\"fr-FR\",\"potentialAction\":[{\"@type\":\"ReadAction\",\"target\":[\"https:\/\/papageorgiou-aeve.gr\/product\/f5349-portaki-kouzinas-hpl-formica-vita\/\"]}]},{\"@type\":\"ImageObject\",\"inLanguage\":\"fr-FR\",\"@id\":\"https:\/\/papageorgiou-aeve.gr\/product\/f5349-portaki-kouzinas-hpl-formica-vita\/#primaryimage\",\"url\":\"https:\/\/papageorgiou-aeve.gr\/wp-content\/uploads\/2025\/05\/f5349-portakia-kouzinas-hpl-formica-gloss-eltop-portakia-hpl-formica.webp\",\"contentUrl\":\"https:\/\/papageorgiou-aeve.gr\/wp-content\/uploads\/2025\/05\/f5349-portakia-kouzinas-hpl-formica-gloss-eltop-portakia-hpl-formica.webp\",\"width\":600,\"height\":600,\"caption\":\"f5349 portakia kouzinas hpl formica gloss- eltop portakia hpl formica\"},{\"@type\":\"BreadcrumbList\",\"@id\":\"https:\/\/papageorgiou-aeve.gr\/product\/f5349-portaki-kouzinas-hpl-formica-vita\/#breadcrumb\",\"itemListElement\":[{\"@type\":\"ListItem\",\"position\":1,\"name\":\"\u0391\u03c1\u03c7\u03b9\u03ba\u03ae\",\"item\":\"https:\/\/papageorgiou-aeve.gr\/\"},{\"@type\":\"ListItem\",\"position\":2,\"name\":\"\u039a\u03b1\u03c4\u03ac\u03bb\u03bf\u03b3\u03bf\u03c2\",\"item\":\"https:\/\/papageorgiou-aeve.gr\/catalog\/\"},{\"@type\":\"ListItem\",\"position\":3,\"name\":\"F5349 \u03a0\u03bf\u03c1\u03c4\u03ac\u03ba\u03b9 \u039a\u03bf\u03c5\u03b6\u03af\u03bd\u03b1\u03c2 HPL Formica Vita\"}]},{\"@type\":\"WebSite\",\"@id\":\"https:\/\/papageorgiou-aeve.gr\/#website\",\"url\":\"https:\/\/papageorgiou-aeve.gr\/\",\"name\":\"\u03a0\u03b1\u03c0\u03b1\u03b3\u03b5\u03c9\u03c1\u03b3\u03af\u03bf\u03c5 \u0391\u0395\u0392\u0395\",\"description\":\"\u0395\u03c4\u03b1\u03b9\u03c1\u03b5\u03af\u03b1 \u0395\u03bc\u03c0\u03bf\u03c1\u03af\u03bf\u03c5 \u039e\u03c5\u03bb\u03b5\u03af\u03b1\u03c2 \u039b\u03ad\u03c3\u03b2\u03bf\u03c5\",\"publisher\":{\"@id\":\"https:\/\/papageorgiou-aeve.gr\/#organization\"},\"alternateName\":\"\u0395\u03c4\u03b1\u03b9\u03c1\u03b5\u03af\u03b1 \u0395\u03bc\u03c0\u03bf\u03c1\u03af\u03bf\u03c5 \u039e\u03c5\u03bb\u03b5\u03af\u03b1\u03c2 \u039b\u03ad\u03c3\u03b2\u03bf\u03c5\",\"potentialAction\":[{\"@type\":\"SearchAction\",\"target\":{\"@type\":\"EntryPoint\",\"urlTemplate\":\"https:\/\/papageorgiou-aeve.gr\/?s={search_term_string}\"},\"query-input\":{\"@type\":\"PropertyValueSpecification\",\"valueRequired\":true,\"valueName\":\"search_term_string\"}}],\"inLanguage\":\"fr-FR\"},{\"@type\":\"Organization\",\"@id\":\"https:\/\/papageorgiou-aeve.gr\/#organization\",\"name\":\"\u03a0\u03b1\u03c0\u03b1\u03b3\u03b5\u03c9\u03c1\u03b3\u03af\u03bf\u03c5 \u0391\u0395\u0392\u0395\",\"alternateName\":\"\u0395\u03c4\u03b1\u03b9\u03c1\u03b5\u03af\u03b1 \u0395\u03bc\u03c0\u03bf\u03c1\u03af\u03bf\u03c5 \u039e\u03c5\u03bb\u03b5\u03af\u03b1\u03c2 \u039b\u03ad\u03c3\u03b2\u03bf\u03c5\",\"url\":\"https:\/\/papageorgiou-aeve.gr\/\",\"logo\":{\"@type\":\"ImageObject\",\"inLanguage\":\"fr-FR\",\"@id\":\"https:\/\/papageorgiou-aeve.gr\/#\/schema\/logo\/image\/\",\"url\":\"https:\/\/papageorgiou-aeve.gr\/wp-content\/uploads\/2025\/01\/papageorgiou-aebe-logo-696.png\",\"contentUrl\":\"https:\/\/papageorgiou-aeve.gr\/wp-content\/uploads\/2025\/01\/papageorgiou-aebe-logo-696.png\",\"width\":696,\"height\":696,\"caption\":\"\u03a0\u03b1\u03c0\u03b1\u03b3\u03b5\u03c9\u03c1\u03b3\u03af\u03bf\u03c5 \u0391\u0395\u0392\u0395\"},\"image\":{\"@id\":\"https:\/\/papageorgiou-aeve.gr\/#\/schema\/logo\/image\/\"},\"sameAs\":[\"https:\/\/www.facebook.com\/papageorgiouaeve\"]}]}<\/script>\n<!-- \/ Yoast SEO plugin. -->","yoast_head_json":{"title":"F5349 \u03a0\u03bf\u03c1\u03c4\u03ac\u03ba\u03b9 \u039a\u03bf\u03c5\u03b6\u03af\u03bd\u03b1\u03c2 HPL Formica Vita | \u03a0\u03b1\u03c0\u03b1\u03b3\u03b5\u03c9\u03c1\u03b3\u03af\u03bf\u03c5 \u0391\u0395\u0392\u0395","description":"\u0391\u03bd\u03b1\u03ba\u03b1\u03bb\u03cd\u03c8\u03c4\u03b5 \u03c4\u03bf \u03c0\u03c1\u03bf\u03ca\u03cc\u03bd \"F5349 \u03a0\u03bf\u03c1\u03c4\u03ac\u03ba\u03b9 \u039a\u03bf\u03c5\u03b6\u03af\u03bd\u03b1\u03c2 HPL Formica Vita\" \u03ba\u03b1\u03b9 \u03ac\u03bb\u03bb\u03b1 \u03c0\u03bf\u03b9\u03bf\u03c4\u03b9\u03ba\u03ac \u03c5\u03bb\u03b9\u03ba\u03ac \u03be\u03c5\u03bb\u03b5\u03af\u03b1\u03c2 \u03b1\u03c0\u03cc \u03c4\u03b7\u03bd \u03a0\u03b1\u03c0\u03b1\u03b3\u03b5\u03c9\u03c1\u03b3\u03af\u03bf\u03c5 \u0391\u0395\u0392\u0395 \u03bc\u03b5 \u03b5\u03bc\u03c0\u03b5\u03b9\u03c1\u03af\u03b1 \u03b1\u03c0\u03cc \u03c4\u03bf 1947.","robots":{"index":"index","follow":"follow","max-snippet":"max-snippet:-1","max-image-preview":"max-image-preview:large","max-video-preview":"max-video-preview:-1"},"canonical":"https:\/\/papageorgiou-aeve.gr\/fr\/produit\/f5349-portaki-kouzinas-hpl-formica-vita\/","og_locale":"fr_FR","og_type":"article","og_title":"F5349 \u03a0\u03bf\u03c1\u03c4\u03ac\u03ba\u03b9 \u039a\u03bf\u03c5\u03b6\u03af\u03bd\u03b1\u03c2 HPL Formica Vita | \u03a0\u03b1\u03c0\u03b1\u03b3\u03b5\u03c9\u03c1\u03b3\u03af\u03bf\u03c5 \u0391\u0395\u0392\u0395","og_description":"\u0391\u03bd\u03b1\u03ba\u03b1\u03bb\u03cd\u03c8\u03c4\u03b5 \u03c4\u03bf \u03c0\u03c1\u03bf\u03ca\u03cc\u03bd \"F5349 \u03a0\u03bf\u03c1\u03c4\u03ac\u03ba\u03b9 \u039a\u03bf\u03c5\u03b6\u03af\u03bd\u03b1\u03c2 HPL Formica Vita\" \u03ba\u03b1\u03b9 \u03ac\u03bb\u03bb\u03b1 \u03c0\u03bf\u03b9\u03bf\u03c4\u03b9\u03ba\u03ac \u03c5\u03bb\u03b9\u03ba\u03ac \u03be\u03c5\u03bb\u03b5\u03af\u03b1\u03c2 \u03b1\u03c0\u03cc \u03c4\u03b7\u03bd \u03a0\u03b1\u03c0\u03b1\u03b3\u03b5\u03c9\u03c1\u03b3\u03af\u03bf\u03c5 \u0391\u0395\u0392\u0395 \u03bc\u03b5 \u03b5\u03bc\u03c0\u03b5\u03b9\u03c1\u03af\u03b1 \u03b1\u03c0\u03cc \u03c4\u03bf 1947.","og_url":"https:\/\/papageorgiou-aeve.gr\/fr\/produit\/f5349-portaki-kouzinas-hpl-formica-vita\/","og_site_name":"\u03a0\u03b1\u03c0\u03b1\u03b3\u03b5\u03c9\u03c1\u03b3\u03af\u03bf\u03c5 \u0391\u0395\u0392\u0395","article_publisher":"https:\/\/www.facebook.com\/papageorgiouaeve","article_modified_time":"2025-05-13T10:13:45+00:00","og_image":[{"width":600,"height":600,"url":"https:\/\/papageorgiou-aeve.gr\/wp-content\/uploads\/2025\/05\/f5349-portakia-kouzinas-hpl-formica-gloss-eltop-portakia-hpl-formica.webp","type":"image\/webp"}],"twitter_card":"summary_large_image","twitter_misc":{"Dur\u00e9e de lecture estim\u00e9e":"1 minute"},"schema":{"@context":"https:\/\/schema.org","@graph":[{"@type":"WebPage","@id":"https:\/\/papageorgiou-aeve.gr\/product\/f5349-portaki-kouzinas-hpl-formica-vita\/","url":"https:\/\/papageorgiou-aeve.gr\/product\/f5349-portaki-kouzinas-hpl-formica-vita\/","name":"F5349 \u03a0\u03bf\u03c1\u03c4\u03ac\u03ba\u03b9 \u039a\u03bf\u03c5\u03b6\u03af\u03bd\u03b1\u03c2 HPL Formica Vita | \u03a0\u03b1\u03c0\u03b1\u03b3\u03b5\u03c9\u03c1\u03b3\u03af\u03bf\u03c5 \u0391\u0395\u0392\u0395","isPartOf":{"@id":"https:\/\/papageorgiou-aeve.gr\/#website"},"primaryImageOfPage":{"@id":"https:\/\/papageorgiou-aeve.gr\/product\/f5349-portaki-kouzinas-hpl-formica-vita\/#primaryimage"},"image":{"@id":"https:\/\/papageorgiou-aeve.gr\/product\/f5349-portaki-kouzinas-hpl-formica-vita\/#primaryimage"},"thumbnailUrl":"https:\/\/papageorgiou-aeve.gr\/wp-content\/uploads\/2025\/05\/f5349-portakia-kouzinas-hpl-formica-gloss-eltop-portakia-hpl-formica.webp","datePublished":"2025-05-07T19:36:43+00:00","dateModified":"2025-05-13T10:13:45+00:00","description":"\u0391\u03bd\u03b1\u03ba\u03b1\u03bb\u03cd\u03c8\u03c4\u03b5 \u03c4\u03bf \u03c0\u03c1\u03bf\u03ca\u03cc\u03bd \"F5349 \u03a0\u03bf\u03c1\u03c4\u03ac\u03ba\u03b9 \u039a\u03bf\u03c5\u03b6\u03af\u03bd\u03b1\u03c2 HPL Formica Vita\" \u03ba\u03b1\u03b9 \u03ac\u03bb\u03bb\u03b1 \u03c0\u03bf\u03b9\u03bf\u03c4\u03b9\u03ba\u03ac \u03c5\u03bb\u03b9\u03ba\u03ac \u03be\u03c5\u03bb\u03b5\u03af\u03b1\u03c2 \u03b1\u03c0\u03cc \u03c4\u03b7\u03bd \u03a0\u03b1\u03c0\u03b1\u03b3\u03b5\u03c9\u03c1\u03b3\u03af\u03bf\u03c5 \u0391\u0395\u0392\u0395 \u03bc\u03b5 \u03b5\u03bc\u03c0\u03b5\u03b9\u03c1\u03af\u03b1 \u03b1\u03c0\u03cc \u03c4\u03bf 1947.","breadcrumb":{"@id":"https:\/\/papageorgiou-aeve.gr\/product\/f5349-portaki-kouzinas-hpl-formica-vita\/#breadcrumb"},"inLanguage":"fr-FR","potentialAction":[{"@type":"ReadAction","target":["https:\/\/papageorgiou-aeve.gr\/product\/f5349-portaki-kouzinas-hpl-formica-vita\/"]}]},{"@type":"ImageObject","inLanguage":"fr-FR","@id":"https:\/\/papageorgiou-aeve.gr\/product\/f5349-portaki-kouzinas-hpl-formica-vita\/#primaryimage","url":"https:\/\/papageorgiou-aeve.gr\/wp-content\/uploads\/2025\/05\/f5349-portakia-kouzinas-hpl-formica-gloss-eltop-portakia-hpl-formica.webp","contentUrl":"https:\/\/papageorgiou-aeve.gr\/wp-content\/uploads\/2025\/05\/f5349-portakia-kouzinas-hpl-formica-gloss-eltop-portakia-hpl-formica.webp","width":600,"height":600,"caption":"f5349 portakia kouzinas hpl formica gloss- eltop portakia hpl formica"},{"@type":"BreadcrumbList","@id":"https:\/\/papageorgiou-aeve.gr\/product\/f5349-portaki-kouzinas-hpl-formica-vita\/#breadcrumb","itemListElement":[{"@type":"ListItem","position":1,"name":"\u0391\u03c1\u03c7\u03b9\u03ba\u03ae","item":"https:\/\/papageorgiou-aeve.gr\/"},{"@type":"ListItem","position":2,"name":"\u039a\u03b1\u03c4\u03ac\u03bb\u03bf\u03b3\u03bf\u03c2","item":"https:\/\/papageorgiou-aeve.gr\/catalog\/"},{"@type":"ListItem","position":3,"name":"F5349 \u03a0\u03bf\u03c1\u03c4\u03ac\u03ba\u03b9 \u039a\u03bf\u03c5\u03b6\u03af\u03bd\u03b1\u03c2 HPL Formica Vita"}]},{"@type":"WebSite","@id":"https:\/\/papageorgiou-aeve.gr\/#website","url":"https:\/\/papageorgiou-aeve.gr\/","name":"Papageorgiou S.A.","description":"\u0395\u03c4\u03b1\u03b9\u03c1\u03b5\u03af\u03b1 \u0395\u03bc\u03c0\u03bf\u03c1\u03af\u03bf\u03c5 \u039e\u03c5\u03bb\u03b5\u03af\u03b1\u03c2 \u039b\u03ad\u03c3\u03b2\u03bf\u03c5","publisher":{"@id":"https:\/\/papageorgiou-aeve.gr\/#organization"},"alternateName":"\u0395\u03c4\u03b1\u03b9\u03c1\u03b5\u03af\u03b1 \u0395\u03bc\u03c0\u03bf\u03c1\u03af\u03bf\u03c5 \u039e\u03c5\u03bb\u03b5\u03af\u03b1\u03c2 \u039b\u03ad\u03c3\u03b2\u03bf\u03c5","potentialAction":[{"@type":"SearchAction","target":{"@type":"EntryPoint","urlTemplate":"https:\/\/papageorgiou-aeve.gr\/?s={search_term_string}"},"query-input":{"@type":"PropertyValueSpecification","valueRequired":true,"valueName":"search_term_string"}}],"inLanguage":"fr-FR"},{"@type":"Organization","@id":"https:\/\/papageorgiou-aeve.gr\/#organization","name":"Papageorgiou S.A.","alternateName":"\u0395\u03c4\u03b1\u03b9\u03c1\u03b5\u03af\u03b1 \u0395\u03bc\u03c0\u03bf\u03c1\u03af\u03bf\u03c5 \u039e\u03c5\u03bb\u03b5\u03af\u03b1\u03c2 \u039b\u03ad\u03c3\u03b2\u03bf\u03c5","url":"https:\/\/papageorgiou-aeve.gr\/","logo":{"@type":"ImageObject","inLanguage":"fr-FR","@id":"https:\/\/papageorgiou-aeve.gr\/#\/schema\/logo\/image\/","url":"https:\/\/papageorgiou-aeve.gr\/wp-content\/uploads\/2025\/01\/papageorgiou-aebe-logo-696.png","contentUrl":"https:\/\/papageorgiou-aeve.gr\/wp-content\/uploads\/2025\/01\/papageorgiou-aebe-logo-696.png","width":696,"height":696,"caption":"\u03a0\u03b1\u03c0\u03b1\u03b3\u03b5\u03c9\u03c1\u03b3\u03af\u03bf\u03c5 \u0391\u0395\u0392\u0395"},"image":{"@id":"https:\/\/papageorgiou-aeve.gr\/#\/schema\/logo\/image\/"},"sameAs":["https:\/\/www.facebook.com\/papageorgiouaeve"]}]}},"_links":{"self":[{"href":"https:\/\/papageorgiou-aeve.gr\/fr\/wp-json\/wp\/v2\/product\/1678","targetHints":{"allow":["GET"]}}],"collection":[{"href":"https:\/\/papageorgiou-aeve.gr\/fr\/wp-json\/wp\/v2\/product"}],"about":[{"href":"https:\/\/papageorgiou-aeve.gr\/fr\/wp-json\/wp\/v2\/types\/product"}],"wp:featuredmedia":[{"embeddable":true,"href":"https:\/\/papageorgiou-aeve.gr\/fr\/wp-json\/wp\/v2\/media\/1496"}],"wp:attachment":[{"href":"https:\/\/papageorgiou-aeve.gr\/fr\/wp-json\/wp\/v2\/media?parent=1678"}],"wp:term":[{"taxonomy":"product_brand","embeddable":true,"href":"https:\/\/papageorgiou-aeve.gr\/fr\/wp-json\/wp\/v2\/product_brand?post=1678"},{"taxonomy":"product_cat","embeddable":true,"href":"https:\/\/papageorgiou-aeve.gr\/fr\/wp-json\/wp\/v2\/product_cat?post=1678"},{"taxonomy":"product_tag","embeddable":true,"href":"https:\/\/papageorgiou-aeve.gr\/fr\/wp-json\/wp\/v2\/product_tag?post=1678"}],"curies":[{"name":"wp","href":"https:\/\/api.w.org\/{rel}","templated":true}]}}