{"id":797,"date":"2025-02-04T14:18:59","date_gmt":"2025-02-04T12:18:59","guid":{"rendered":"https:\/\/papageorgiou-aeve.gr\/?page_id=797"},"modified":"2025-03-06T18:55:56","modified_gmt":"2025-03-06T16:55:56","slug":"funding","status":"publish","type":"page","link":"https:\/\/papageorgiou-aeve.gr\/fr\/funding\/","title":{"rendered":"Financement"},"content":{"rendered":"<div class=\"wpb-content-wrapper\"><div class=\"vc_row wpb_row vc_row-fluid vc_row-o-content-middle vc_row-flex wd-rs-67a2064e7fcf2\"><div class=\"wpb_column vc_column_container vc_col-sm-12 vc_col-xs-12 vc_col-has-fill reset-margin-mobile reset-margin-tablet wd-rs-67a2419cf0237\"><div class=\"vc_column-inner vc_custom_1738686882292\"><div class=\"wpb_wrapper\">\n\t\t<div id=\"wd-67a206367b41f\" class=\"title-wrapper wd-wpb wd-set-mb reset-last-child  wd-rs-67a206367b41f wd-title-color-black wd-title-style-default text-left vc_custom_1738671675615 wd-underline-colored\">\n\t\t\t\n\t\t\t<div class=\"liner-continer\">\n\t\t\t\t<h4 class=\"woodmart-title-container title  wd-font-weight-400 wd-fontsize-l\" >Description du projet pour la Transformation Num\u00e9rique de Base<\/h4>\n\t\t\t\t\t\t\t<\/div>\n\t\t\t\n\t\t\t\n\t\t\t\n\t\t<\/div>\n\t\t\n\t\t\t\t<div id=\"wd-67a205f2c9c6e\" class=\"wd-text-block wd-wpb reset-last-child wd-rs-67a205f2c9c6e text-left wd-fontsize-custom  justify-txt\">\n\t\t\t<p>L'entreprise a \u00e9t\u00e9 financ\u00e9e par l'Action du Programme Comp\u00e9titivit\u00e9 (ESPA 2021-2027) \"Transformation Num\u00e9rique de Base\" dans le cadre du programme d'actions \"Transformation Num\u00e9rique des PME\". L'Action vise \u00e0 r\u00e9pondre aux besoins fondamentaux des PME gr\u00e2ce aux technologies modernes de l'information et de la communication, contribuant ainsi \u00e0 une production de produits ou de services tourn\u00e9e vers l'international, innovante et comp\u00e9titive.<\/p>\n\t\t<\/div>\n\t\t\n\t\t<div id=\"wd-67a2063da2bcc\" class=\"title-wrapper wd-wpb wd-set-mb reset-last-child  wd-rs-67a2063da2bcc wd-title-color-black wd-title-style-default text-left vc_custom_1738671680307 wd-underline-colored\">\n\t\t\t\n\t\t\t<div class=\"liner-continer\">\n\t\t\t\t<h4 class=\"woodmart-title-container title  wd-font-weight-400 wd-fontsize-l\" >Description du projet pour la Transformation Verte des PME<\/h4>\n\t\t\t\t\t\t\t<\/div>\n\t\t\t\n\t\t\t\n\t\t\t\n\t\t<\/div>\n\t\t\n\t\t\t\t<div id=\"wd-67a2061a20cdc\" class=\"wd-text-block wd-wpb reset-last-child wd-rs-67a2061a20cdc text-left wd-fontsize-custom  justify-txt\">\n\t\t\t<p>L'entreprise a \u00e9t\u00e9 financ\u00e9e par l'Action du Programme \u00abComp\u00e9titivit\u00e9\u00bb (ESPA 2021-2027) \"Transformation Verte\" dans le cadre du programme d'actions \"Transition Verte des PME\". L'Action vise \u00e0 aider les PME \u00e0 exploiter et d\u00e9velopper des technologies modernes, \u00e0 am\u00e9liorer leurs produits\/services et \u00e0 optimiser leurs activit\u00e9s en g\u00e9n\u00e9ral.<\/p>\n\t\t<\/div>\n\t\t\n\t<div  class=\"wpb_single_image wpb_content_element vc_align_center\">\n\t\t\n\t\t<figure class=\"wpb_wrapper vc_figure\">\n\t\t\t<div class=\"vc_single_image-wrapper   vc_box_border_grey\"><img loading=\"lazy\" decoding=\"async\" width=\"508\" height=\"60\" src=\"https:\/\/papageorgiou-aeve.gr\/wp-content\/uploads\/2025\/02\/antagonistikotitaframeEN-500x60-1.png\" class=\"vc_single_image-img attachment-full\" alt=\"antagonistikotitaframeEL 500x60\" title=\"antagonistikotitaframeEL 500x60\" srcset=\"https:\/\/papageorgiou-aeve.gr\/wp-content\/uploads\/2025\/02\/antagonistikotitaframeEN-500x60-1.png 508w, https:\/\/papageorgiou-aeve.gr\/wp-content\/uploads\/2025\/02\/antagonistikotitaframeEN-500x60-1-18x2.png 18w, https:\/\/papageorgiou-aeve.gr\/wp-content\/uploads\/2025\/02\/antagonistikotitaframeEN-500x60-1-150x18.png 150w\" sizes=\"auto, (max-width: 508px) 100vw, 508px\" \/><\/div>\n\t\t<\/figure>\n\t<\/div>\n<\/div><\/div><\/div><\/div>\n<\/div>","protected":false},"excerpt":{"rendered":"\u03a0\u03b5\u03c1\u03b9\u03b3\u03c1\u03b1\u03c6\u03ae \u03ad\u03c1\u03b3\u03bf\u03c5 \u03b3\u03b9\u03b1 \u03c4\u03bf\u03bd \u0392\u03b1\u03c3\u03b9\u03ba\u03cc \u03a8\u03b7\u03c6\u03b9\u03b1\u03ba\u03cc \u039c\u03b5\u03c4\u03b1\u03c3\u03c7\u03b7\u03bc\u03b1\u03c4\u03b9\u03c3\u03bc\u03cc \u0397 \u03b5\u03c0\u03b9\u03c7\u03b5\u03af\u03c1\u03b7\u03c3\u03b7 \u03c7\u03c1\u03b7\u03bc\u03b1\u03c4\u03bf\u03b4\u03bf\u03c4\u03ae\u03b8\u03b7\u03ba\u03b5 \u03b1\u03c0\u03cc \u03c4\u03b7 \u0394\u03c1\u03ac\u03c3\u03b7 \u03c4\u03bf\u03c5 \u03a0\u03c1\u03bf\u03b3\u03c1\u03ac\u03bc\u03bc\u03b1\u03c4\u03bf\u03c2 \u0391\u03bd\u03c4\u03b1\u03b3\u03c9\u03bd\u03b9\u03c3\u03c4\u03b9\u03ba\u03cc\u03c4\u03b7\u03c4\u03b1 (\u0395\u03a3\u03a0\u0391 2021-2027) \"\u0392\u03b1\u03c3\u03b9\u03ba\u03cc\u03c2 \u03a8\u03b7\u03c6\u03b9\u03b1\u03ba\u03cc\u03c2","protected":false},"author":1,"featured_media":0,"parent":0,"menu_order":0,"comment_status":"closed","ping_status":"closed","template":"","meta":{"_monsterinsights_skip_tracking":false,"_monsterinsights_sitenote_active":false,"_monsterinsights_sitenote_note":"","_monsterinsights_sitenote_category":0,"footnotes":""},"class_list":["post-797","page","type-page","status-publish","hentry"],"yoast_head":"<!-- This site is optimized with the Yoast SEO plugin v26.7 - https:\/\/yoast.com\/wordpress\/plugins\/seo\/ -->\n<title>\u03a7\u03c1\u03b7\u03bc\u03b1\u03c4\u03bf\u03b4\u03cc\u03c4\u03b7\u03c3\u03b7 | \u03a0\u03b1\u03c0\u03b1\u03b3\u03b5\u03c9\u03c1\u03b3\u03af\u03bf\u03c5 \u0391\u0395\u0392\u0395<\/title>\n<meta name=\"description\" content=\"\u0397 \u03b5\u03c0\u03b9\u03c7\u03b5\u03af\u03c1\u03b7\u03c3\u03ae \u03bc\u03b1\u03c2 \u03ad\u03bb\u03b1\u03b2\u03b5 \u03c7\u03c1\u03b7\u03bc\u03b1\u03c4\u03bf\u03b4\u03cc\u03c4\u03b7\u03c3\u03b7 \u03bc\u03ad\u03c3\u03c9 \u0395\u03a3\u03a0\u0391 \u03b3\u03b9\u03b1 \u03c4\u03bf\u03bd \u03a8\u03b7\u03c6\u03b9\u03b1\u03ba\u03cc \u039c\u03b5\u03c4\u03b1\u03c3\u03c7\u03b7\u03bc\u03b1\u03c4\u03b9\u03c3\u03bc\u03cc \u039c\u03bc\u0395, \u03b5\u03bd\u03b9\u03c3\u03c7\u03cd\u03bf\u03bd\u03c4\u03b1\u03c2 \u03c4\u03b7\u03bd \u03ba\u03b1\u03b9\u03bd\u03bf\u03c4\u03bf\u03bc\u03af\u03b1 \u03ba\u03b1\u03b9 \u03c4\u03b7\u03bd \u03b1\u03bd\u03c4\u03b1\u03b3\u03c9\u03bd\u03b9\u03c3\u03c4\u03b9\u03ba\u03cc\u03c4\u03b7\u03c4\u03ac \u03c4\u03b7\u03c2.\" \/>\n<meta name=\"robots\" content=\"index, follow, max-snippet:-1, max-image-preview:large, max-video-preview:-1\" \/>\n<link rel=\"canonical\" href=\"https:\/\/papageorgiou-aeve.gr\/fr\/funding\/\" \/>\n<meta property=\"og:locale\" content=\"fr_FR\" \/>\n<meta property=\"og:type\" content=\"article\" \/>\n<meta property=\"og:title\" content=\"\u03a7\u03c1\u03b7\u03bc\u03b1\u03c4\u03bf\u03b4\u03cc\u03c4\u03b7\u03c3\u03b7 | \u03a0\u03b1\u03c0\u03b1\u03b3\u03b5\u03c9\u03c1\u03b3\u03af\u03bf\u03c5 \u0391\u0395\u0392\u0395\" \/>\n<meta property=\"og:description\" content=\"\u0397 \u03b5\u03c0\u03b9\u03c7\u03b5\u03af\u03c1\u03b7\u03c3\u03ae \u03bc\u03b1\u03c2 \u03ad\u03bb\u03b1\u03b2\u03b5 \u03c7\u03c1\u03b7\u03bc\u03b1\u03c4\u03bf\u03b4\u03cc\u03c4\u03b7\u03c3\u03b7 \u03bc\u03ad\u03c3\u03c9 \u0395\u03a3\u03a0\u0391 \u03b3\u03b9\u03b1 \u03c4\u03bf\u03bd \u03a8\u03b7\u03c6\u03b9\u03b1\u03ba\u03cc \u039c\u03b5\u03c4\u03b1\u03c3\u03c7\u03b7\u03bc\u03b1\u03c4\u03b9\u03c3\u03bc\u03cc \u039c\u03bc\u0395, \u03b5\u03bd\u03b9\u03c3\u03c7\u03cd\u03bf\u03bd\u03c4\u03b1\u03c2 \u03c4\u03b7\u03bd \u03ba\u03b1\u03b9\u03bd\u03bf\u03c4\u03bf\u03bc\u03af\u03b1 \u03ba\u03b1\u03b9 \u03c4\u03b7\u03bd \u03b1\u03bd\u03c4\u03b1\u03b3\u03c9\u03bd\u03b9\u03c3\u03c4\u03b9\u03ba\u03cc\u03c4\u03b7\u03c4\u03ac \u03c4\u03b7\u03c2.\" \/>\n<meta property=\"og:url\" content=\"https:\/\/papageorgiou-aeve.gr\/fr\/funding\/\" \/>\n<meta property=\"og:site_name\" content=\"\u03a0\u03b1\u03c0\u03b1\u03b3\u03b5\u03c9\u03c1\u03b3\u03af\u03bf\u03c5 \u0391\u0395\u0392\u0395\" \/>\n<meta property=\"article:publisher\" content=\"https:\/\/www.facebook.com\/papageorgiouaeve\" \/>\n<meta property=\"article:modified_time\" content=\"2025-03-06T16:55:56+00:00\" \/>\n<meta property=\"og:image\" content=\"https:\/\/papageorgiou-aeve.gr\/wp-content\/uploads\/2025\/01\/papageorgiou-aebe-logo-1200x675-1.png\" \/>\n\t<meta property=\"og:image:width\" content=\"1200\" \/>\n\t<meta property=\"og:image:height\" content=\"675\" \/>\n\t<meta property=\"og:image:type\" content=\"image\/png\" \/>\n<meta name=\"twitter:card\" content=\"summary_large_image\" \/>\n<meta name=\"twitter:label1\" content=\"Dur\u00e9e de lecture estim\u00e9e\" \/>\n\t<meta name=\"twitter:data1\" content=\"2 minutes\" \/>\n<script type=\"application\/ld+json\" class=\"yoast-schema-graph\">{\"@context\":\"https:\/\/schema.org\",\"@graph\":[{\"@type\":\"WebPage\",\"@id\":\"https:\/\/papageorgiou-aeve.gr\/funding\/\",\"url\":\"https:\/\/papageorgiou-aeve.gr\/funding\/\",\"name\":\"\u03a7\u03c1\u03b7\u03bc\u03b1\u03c4\u03bf\u03b4\u03cc\u03c4\u03b7\u03c3\u03b7 | \u03a0\u03b1\u03c0\u03b1\u03b3\u03b5\u03c9\u03c1\u03b3\u03af\u03bf\u03c5 \u0391\u0395\u0392\u0395\",\"isPartOf\":{\"@id\":\"https:\/\/papageorgiou-aeve.gr\/#website\"},\"datePublished\":\"2025-02-04T12:18:59+00:00\",\"dateModified\":\"2025-03-06T16:55:56+00:00\",\"description\":\"\u0397 \u03b5\u03c0\u03b9\u03c7\u03b5\u03af\u03c1\u03b7\u03c3\u03ae \u03bc\u03b1\u03c2 \u03ad\u03bb\u03b1\u03b2\u03b5 \u03c7\u03c1\u03b7\u03bc\u03b1\u03c4\u03bf\u03b4\u03cc\u03c4\u03b7\u03c3\u03b7 \u03bc\u03ad\u03c3\u03c9 \u0395\u03a3\u03a0\u0391 \u03b3\u03b9\u03b1 \u03c4\u03bf\u03bd \u03a8\u03b7\u03c6\u03b9\u03b1\u03ba\u03cc \u039c\u03b5\u03c4\u03b1\u03c3\u03c7\u03b7\u03bc\u03b1\u03c4\u03b9\u03c3\u03bc\u03cc \u039c\u03bc\u0395, \u03b5\u03bd\u03b9\u03c3\u03c7\u03cd\u03bf\u03bd\u03c4\u03b1\u03c2 \u03c4\u03b7\u03bd \u03ba\u03b1\u03b9\u03bd\u03bf\u03c4\u03bf\u03bc\u03af\u03b1 \u03ba\u03b1\u03b9 \u03c4\u03b7\u03bd \u03b1\u03bd\u03c4\u03b1\u03b3\u03c9\u03bd\u03b9\u03c3\u03c4\u03b9\u03ba\u03cc\u03c4\u03b7\u03c4\u03ac \u03c4\u03b7\u03c2.\",\"breadcrumb\":{\"@id\":\"https:\/\/papageorgiou-aeve.gr\/funding\/#breadcrumb\"},\"inLanguage\":\"fr-FR\",\"potentialAction\":[{\"@type\":\"ReadAction\",\"target\":[\"https:\/\/papageorgiou-aeve.gr\/funding\/\"]}]},{\"@type\":\"BreadcrumbList\",\"@id\":\"https:\/\/papageorgiou-aeve.gr\/funding\/#breadcrumb\",\"itemListElement\":[{\"@type\":\"ListItem\",\"position\":1,\"name\":\"\u0391\u03c1\u03c7\u03b9\u03ba\u03ae\",\"item\":\"https:\/\/papageorgiou-aeve.gr\/\"},{\"@type\":\"ListItem\",\"position\":2,\"name\":\"\u03a7\u03c1\u03b7\u03bc\u03b1\u03c4\u03bf\u03b4\u03cc\u03c4\u03b7\u03c3\u03b7\"}]},{\"@type\":\"WebSite\",\"@id\":\"https:\/\/papageorgiou-aeve.gr\/#website\",\"url\":\"https:\/\/papageorgiou-aeve.gr\/\",\"name\":\"\u03a0\u03b1\u03c0\u03b1\u03b3\u03b5\u03c9\u03c1\u03b3\u03af\u03bf\u03c5 \u0391\u0395\u0392\u0395\",\"description\":\"\u0395\u03c4\u03b1\u03b9\u03c1\u03b5\u03af\u03b1 \u0395\u03bc\u03c0\u03bf\u03c1\u03af\u03bf\u03c5 \u039e\u03c5\u03bb\u03b5\u03af\u03b1\u03c2 \u039b\u03ad\u03c3\u03b2\u03bf\u03c5\",\"publisher\":{\"@id\":\"https:\/\/papageorgiou-aeve.gr\/#organization\"},\"alternateName\":\"\u0395\u03c4\u03b1\u03b9\u03c1\u03b5\u03af\u03b1 \u0395\u03bc\u03c0\u03bf\u03c1\u03af\u03bf\u03c5 \u039e\u03c5\u03bb\u03b5\u03af\u03b1\u03c2 \u039b\u03ad\u03c3\u03b2\u03bf\u03c5\",\"potentialAction\":[{\"@type\":\"SearchAction\",\"target\":{\"@type\":\"EntryPoint\",\"urlTemplate\":\"https:\/\/papageorgiou-aeve.gr\/?s={search_term_string}\"},\"query-input\":{\"@type\":\"PropertyValueSpecification\",\"valueRequired\":true,\"valueName\":\"search_term_string\"}}],\"inLanguage\":\"fr-FR\"},{\"@type\":\"Organization\",\"@id\":\"https:\/\/papageorgiou-aeve.gr\/#organization\",\"name\":\"\u03a0\u03b1\u03c0\u03b1\u03b3\u03b5\u03c9\u03c1\u03b3\u03af\u03bf\u03c5 \u0391\u0395\u0392\u0395\",\"alternateName\":\"\u0395\u03c4\u03b1\u03b9\u03c1\u03b5\u03af\u03b1 \u0395\u03bc\u03c0\u03bf\u03c1\u03af\u03bf\u03c5 \u039e\u03c5\u03bb\u03b5\u03af\u03b1\u03c2 \u039b\u03ad\u03c3\u03b2\u03bf\u03c5\",\"url\":\"https:\/\/papageorgiou-aeve.gr\/\",\"logo\":{\"@type\":\"ImageObject\",\"inLanguage\":\"fr-FR\",\"@id\":\"https:\/\/papageorgiou-aeve.gr\/#\/schema\/logo\/image\/\",\"url\":\"https:\/\/papageorgiou-aeve.gr\/wp-content\/uploads\/2025\/01\/papageorgiou-aebe-logo-696.png\",\"contentUrl\":\"https:\/\/papageorgiou-aeve.gr\/wp-content\/uploads\/2025\/01\/papageorgiou-aebe-logo-696.png\",\"width\":696,\"height\":696,\"caption\":\"\u03a0\u03b1\u03c0\u03b1\u03b3\u03b5\u03c9\u03c1\u03b3\u03af\u03bf\u03c5 \u0391\u0395\u0392\u0395\"},\"image\":{\"@id\":\"https:\/\/papageorgiou-aeve.gr\/#\/schema\/logo\/image\/\"},\"sameAs\":[\"https:\/\/www.facebook.com\/papageorgiouaeve\"]}]}<\/script>\n<!-- \/ Yoast SEO plugin. -->","yoast_head_json":{"title":"\u03a7\u03c1\u03b7\u03bc\u03b1\u03c4\u03bf\u03b4\u03cc\u03c4\u03b7\u03c3\u03b7 | \u03a0\u03b1\u03c0\u03b1\u03b3\u03b5\u03c9\u03c1\u03b3\u03af\u03bf\u03c5 \u0391\u0395\u0392\u0395","description":"\u0397 \u03b5\u03c0\u03b9\u03c7\u03b5\u03af\u03c1\u03b7\u03c3\u03ae \u03bc\u03b1\u03c2 \u03ad\u03bb\u03b1\u03b2\u03b5 \u03c7\u03c1\u03b7\u03bc\u03b1\u03c4\u03bf\u03b4\u03cc\u03c4\u03b7\u03c3\u03b7 \u03bc\u03ad\u03c3\u03c9 \u0395\u03a3\u03a0\u0391 \u03b3\u03b9\u03b1 \u03c4\u03bf\u03bd \u03a8\u03b7\u03c6\u03b9\u03b1\u03ba\u03cc \u039c\u03b5\u03c4\u03b1\u03c3\u03c7\u03b7\u03bc\u03b1\u03c4\u03b9\u03c3\u03bc\u03cc \u039c\u03bc\u0395, \u03b5\u03bd\u03b9\u03c3\u03c7\u03cd\u03bf\u03bd\u03c4\u03b1\u03c2 \u03c4\u03b7\u03bd \u03ba\u03b1\u03b9\u03bd\u03bf\u03c4\u03bf\u03bc\u03af\u03b1 \u03ba\u03b1\u03b9 \u03c4\u03b7\u03bd \u03b1\u03bd\u03c4\u03b1\u03b3\u03c9\u03bd\u03b9\u03c3\u03c4\u03b9\u03ba\u03cc\u03c4\u03b7\u03c4\u03ac \u03c4\u03b7\u03c2.","robots":{"index":"index","follow":"follow","max-snippet":"max-snippet:-1","max-image-preview":"max-image-preview:large","max-video-preview":"max-video-preview:-1"},"canonical":"https:\/\/papageorgiou-aeve.gr\/fr\/funding\/","og_locale":"fr_FR","og_type":"article","og_title":"\u03a7\u03c1\u03b7\u03bc\u03b1\u03c4\u03bf\u03b4\u03cc\u03c4\u03b7\u03c3\u03b7 | \u03a0\u03b1\u03c0\u03b1\u03b3\u03b5\u03c9\u03c1\u03b3\u03af\u03bf\u03c5 \u0391\u0395\u0392\u0395","og_description":"\u0397 \u03b5\u03c0\u03b9\u03c7\u03b5\u03af\u03c1\u03b7\u03c3\u03ae \u03bc\u03b1\u03c2 \u03ad\u03bb\u03b1\u03b2\u03b5 \u03c7\u03c1\u03b7\u03bc\u03b1\u03c4\u03bf\u03b4\u03cc\u03c4\u03b7\u03c3\u03b7 \u03bc\u03ad\u03c3\u03c9 \u0395\u03a3\u03a0\u0391 \u03b3\u03b9\u03b1 \u03c4\u03bf\u03bd \u03a8\u03b7\u03c6\u03b9\u03b1\u03ba\u03cc \u039c\u03b5\u03c4\u03b1\u03c3\u03c7\u03b7\u03bc\u03b1\u03c4\u03b9\u03c3\u03bc\u03cc \u039c\u03bc\u0395, \u03b5\u03bd\u03b9\u03c3\u03c7\u03cd\u03bf\u03bd\u03c4\u03b1\u03c2 \u03c4\u03b7\u03bd \u03ba\u03b1\u03b9\u03bd\u03bf\u03c4\u03bf\u03bc\u03af\u03b1 \u03ba\u03b1\u03b9 \u03c4\u03b7\u03bd \u03b1\u03bd\u03c4\u03b1\u03b3\u03c9\u03bd\u03b9\u03c3\u03c4\u03b9\u03ba\u03cc\u03c4\u03b7\u03c4\u03ac \u03c4\u03b7\u03c2.","og_url":"https:\/\/papageorgiou-aeve.gr\/fr\/funding\/","og_site_name":"\u03a0\u03b1\u03c0\u03b1\u03b3\u03b5\u03c9\u03c1\u03b3\u03af\u03bf\u03c5 \u0391\u0395\u0392\u0395","article_publisher":"https:\/\/www.facebook.com\/papageorgiouaeve","article_modified_time":"2025-03-06T16:55:56+00:00","og_image":[{"width":1200,"height":675,"url":"https:\/\/papageorgiou-aeve.gr\/wp-content\/uploads\/2025\/01\/papageorgiou-aebe-logo-1200x675-1.png","type":"image\/png"}],"twitter_card":"summary_large_image","twitter_misc":{"Dur\u00e9e de lecture estim\u00e9e":"2 minutes"},"schema":{"@context":"https:\/\/schema.org","@graph":[{"@type":"WebPage","@id":"https:\/\/papageorgiou-aeve.gr\/funding\/","url":"https:\/\/papageorgiou-aeve.gr\/funding\/","name":"\u03a7\u03c1\u03b7\u03bc\u03b1\u03c4\u03bf\u03b4\u03cc\u03c4\u03b7\u03c3\u03b7 | \u03a0\u03b1\u03c0\u03b1\u03b3\u03b5\u03c9\u03c1\u03b3\u03af\u03bf\u03c5 \u0391\u0395\u0392\u0395","isPartOf":{"@id":"https:\/\/papageorgiou-aeve.gr\/#website"},"datePublished":"2025-02-04T12:18:59+00:00","dateModified":"2025-03-06T16:55:56+00:00","description":"\u0397 \u03b5\u03c0\u03b9\u03c7\u03b5\u03af\u03c1\u03b7\u03c3\u03ae \u03bc\u03b1\u03c2 \u03ad\u03bb\u03b1\u03b2\u03b5 \u03c7\u03c1\u03b7\u03bc\u03b1\u03c4\u03bf\u03b4\u03cc\u03c4\u03b7\u03c3\u03b7 \u03bc\u03ad\u03c3\u03c9 \u0395\u03a3\u03a0\u0391 \u03b3\u03b9\u03b1 \u03c4\u03bf\u03bd \u03a8\u03b7\u03c6\u03b9\u03b1\u03ba\u03cc \u039c\u03b5\u03c4\u03b1\u03c3\u03c7\u03b7\u03bc\u03b1\u03c4\u03b9\u03c3\u03bc\u03cc \u039c\u03bc\u0395, \u03b5\u03bd\u03b9\u03c3\u03c7\u03cd\u03bf\u03bd\u03c4\u03b1\u03c2 \u03c4\u03b7\u03bd \u03ba\u03b1\u03b9\u03bd\u03bf\u03c4\u03bf\u03bc\u03af\u03b1 \u03ba\u03b1\u03b9 \u03c4\u03b7\u03bd \u03b1\u03bd\u03c4\u03b1\u03b3\u03c9\u03bd\u03b9\u03c3\u03c4\u03b9\u03ba\u03cc\u03c4\u03b7\u03c4\u03ac \u03c4\u03b7\u03c2.","breadcrumb":{"@id":"https:\/\/papageorgiou-aeve.gr\/funding\/#breadcrumb"},"inLanguage":"fr-FR","potentialAction":[{"@type":"ReadAction","target":["https:\/\/papageorgiou-aeve.gr\/funding\/"]}]},{"@type":"BreadcrumbList","@id":"https:\/\/papageorgiou-aeve.gr\/funding\/#breadcrumb","itemListElement":[{"@type":"ListItem","position":1,"name":"\u0391\u03c1\u03c7\u03b9\u03ba\u03ae","item":"https:\/\/papageorgiou-aeve.gr\/"},{"@type":"ListItem","position":2,"name":"\u03a7\u03c1\u03b7\u03bc\u03b1\u03c4\u03bf\u03b4\u03cc\u03c4\u03b7\u03c3\u03b7"}]},{"@type":"WebSite","@id":"https:\/\/papageorgiou-aeve.gr\/#website","url":"https:\/\/papageorgiou-aeve.gr\/","name":"Papageorgiou S.A.","description":"\u0395\u03c4\u03b1\u03b9\u03c1\u03b5\u03af\u03b1 \u0395\u03bc\u03c0\u03bf\u03c1\u03af\u03bf\u03c5 \u039e\u03c5\u03bb\u03b5\u03af\u03b1\u03c2 \u039b\u03ad\u03c3\u03b2\u03bf\u03c5","publisher":{"@id":"https:\/\/papageorgiou-aeve.gr\/#organization"},"alternateName":"\u0395\u03c4\u03b1\u03b9\u03c1\u03b5\u03af\u03b1 \u0395\u03bc\u03c0\u03bf\u03c1\u03af\u03bf\u03c5 \u039e\u03c5\u03bb\u03b5\u03af\u03b1\u03c2 \u039b\u03ad\u03c3\u03b2\u03bf\u03c5","potentialAction":[{"@type":"SearchAction","target":{"@type":"EntryPoint","urlTemplate":"https:\/\/papageorgiou-aeve.gr\/?s={search_term_string}"},"query-input":{"@type":"PropertyValueSpecification","valueRequired":true,"valueName":"search_term_string"}}],"inLanguage":"fr-FR"},{"@type":"Organization","@id":"https:\/\/papageorgiou-aeve.gr\/#organization","name":"Papageorgiou S.A.","alternateName":"\u0395\u03c4\u03b1\u03b9\u03c1\u03b5\u03af\u03b1 \u0395\u03bc\u03c0\u03bf\u03c1\u03af\u03bf\u03c5 \u039e\u03c5\u03bb\u03b5\u03af\u03b1\u03c2 \u039b\u03ad\u03c3\u03b2\u03bf\u03c5","url":"https:\/\/papageorgiou-aeve.gr\/","logo":{"@type":"ImageObject","inLanguage":"fr-FR","@id":"https:\/\/papageorgiou-aeve.gr\/#\/schema\/logo\/image\/","url":"https:\/\/papageorgiou-aeve.gr\/wp-content\/uploads\/2025\/01\/papageorgiou-aebe-logo-696.png","contentUrl":"https:\/\/papageorgiou-aeve.gr\/wp-content\/uploads\/2025\/01\/papageorgiou-aebe-logo-696.png","width":696,"height":696,"caption":"\u03a0\u03b1\u03c0\u03b1\u03b3\u03b5\u03c9\u03c1\u03b3\u03af\u03bf\u03c5 \u0391\u0395\u0392\u0395"},"image":{"@id":"https:\/\/papageorgiou-aeve.gr\/#\/schema\/logo\/image\/"},"sameAs":["https:\/\/www.facebook.com\/papageorgiouaeve"]}]}},"_links":{"self":[{"href":"https:\/\/papageorgiou-aeve.gr\/fr\/wp-json\/wp\/v2\/pages\/797","targetHints":{"allow":["GET"]}}],"collection":[{"href":"https:\/\/papageorgiou-aeve.gr\/fr\/wp-json\/wp\/v2\/pages"}],"about":[{"href":"https:\/\/papageorgiou-aeve.gr\/fr\/wp-json\/wp\/v2\/types\/page"}],"author":[{"embeddable":true,"href":"https:\/\/papageorgiou-aeve.gr\/fr\/wp-json\/wp\/v2\/users\/1"}],"replies":[{"embeddable":true,"href":"https:\/\/papageorgiou-aeve.gr\/fr\/wp-json\/wp\/v2\/comments?post=797"}],"version-history":[{"count":2,"href":"https:\/\/papageorgiou-aeve.gr\/fr\/wp-json\/wp\/v2\/pages\/797\/revisions"}],"predecessor-version":[{"id":1410,"href":"https:\/\/papageorgiou-aeve.gr\/fr\/wp-json\/wp\/v2\/pages\/797\/revisions\/1410"}],"wp:attachment":[{"href":"https:\/\/papageorgiou-aeve.gr\/fr\/wp-json\/wp\/v2\/media?parent=797"}],"curies":[{"name":"wp","href":"https:\/\/api.w.org\/{rel}","templated":true}]}}