{"id":13,"date":"2025-01-02T13:07:33","date_gmt":"2025-01-02T11:07:33","guid":{"rendered":"https:\/\/papageorgiou-aeve.gr\/?page_id=13"},"modified":"2025-03-05T20:30:23","modified_gmt":"2025-03-05T18:30:23","slug":"terms-of-use","status":"publish","type":"page","link":"https:\/\/papageorgiou-aeve.gr\/fr\/terms-of-use\/","title":{"rendered":"Conditions d'utilisation"},"content":{"rendered":"<div class=\"wpb-content-wrapper\"><div class=\"vc_row wpb_row vc_row-fluid\"><div class=\"wpb_column vc_column_container vc_col-sm-12\"><div class=\"vc_column-inner\"><div class=\"wpb_wrapper\">\n\t<div class=\"wpb_text_column wpb_content_element justify-txt\" >\n\t\t<div class=\"wpb_wrapper\">\n\t\t\t<p>L'utilisation de ce portail en ligne (ci-apr\u00e8s OP) est soumise aux conditions \u00e9num\u00e9r\u00e9es ci-dessous. L'utilisation de l'OP implique que le visiteur \/ utilisateur a \u00e9tudi\u00e9, compris et accept\u00e9 tous les termes d'utilisation de l'OP. Dans le cas o\u00f9 le visiteur \/ utilisateur ne serait pas d'accord avec les pr\u00e9sentes conditions d'utilisation, il\/elle ne doit pas utiliser les services et le contenu du site web.<\/p>\n<p>Ces conditions d'utilisation peuvent \u00eatre r\u00e9vis\u00e9es et mises \u00e0 jour \u00e0 tout moment et sans pr\u00e9avis. Veuillez v\u00e9rifier les conditions d'utilisation de l'OP de temps en temps, car votre utilisation continue implique que vous acceptez ces modifications.<\/p>\n<p>Dans le cadre de la conformit\u00e9 avec l'article 4 du d\u00e9cret pr\u00e9sidentiel 131\/2003, notre entreprise vous informe de ce qui suit:<\/p>\n<p><strong>Adresse:<\/strong> Moria, Mytil\u00e8ne, Lesvos, <strong>Code Postal:<\/strong> 81100<\/p>\n<p><strong>Num\u00e9ro de TVA:<\/strong> 099512196<\/p>\n<p><strong>Registre du Commerce G\u00e9n\u00e9ral:<\/strong> 122630242000<\/p>\n<p><strong>T\u00e9l\u00e9phone:<\/strong> +30 2251031625<\/p>\n<p><strong>\u0395mail:\u00a0<\/strong><a href=\"mailto:info@papageorgiou-aeve.gr\" target=\"_blank\" rel=\"noopener\">info@papageorgiou-aeve.gr<\/a><\/p>\n<p><strong>Droits de propri\u00e9t\u00e9 intellectuelle<\/strong><\/p>\n<p>Tout le contenu de l'OP, \u00e0 l'exception des exceptions express\u00e9ment mentionn\u00e9es (droits d'auteur de tiers), qui inclut, \u00e0 titre indicatif, des textes, graphiques, images, photographies, dessins, vid\u00e9os, sons, etc. (ci-apr\u00e8s le contenu), est la propri\u00e9t\u00e9 intellectuelle de Papageorgiou A.E.V.E. et est prot\u00e9g\u00e9 par la l\u00e9gislation nationale, communautaire et internationale applicable.<\/p>\n<p>Papageorgiou A.E.V.E. conserve tous les droits d'auteur concernant le contenu et les copies cr\u00e9\u00e9es \u00e0 partir de celui-ci. Le contenu de l'OP est mis \u00e0 la disposition de ses visiteurs \/ utilisateurs pour un usage personnel. Le contenu peut \u00eatre modifi\u00e9 sans pr\u00e9avis \u00e0 la discr\u00e9tion de Papageorgiou A.E.V.E.. Apr\u00e8s acceptation des conditions d'utilisation, l'utilisation non commerciale et la reproduction, en tout ou en partie, sont autoris\u00e9es, \u00e0 condition que le produit reproduit soit ensuite librement disponible via Internet ou d'autres moyens appropri\u00e9s et soit accompagn\u00e9 d'une r\u00e9f\u00e9rence claire et distincte \u00e0 la source originale. Toute autre utilisation n\u00e9cessite l'autorisation \u00e9crite expresse du propri\u00e9taire ou du d\u00e9tenteur des droits d'auteur.<\/p>\n<p>Les autres produits ou services mentionn\u00e9s sur les pages en ligne de cet OP et portant les marques des organisations, entreprises, partenaires, associations ou publications respectives, sont leur propre propri\u00e9t\u00e9 intellectuelle et industrielle et, par cons\u00e9quent, ces entit\u00e9s en portent la responsabilit\u00e9. Pour toute question concernant les droits de reproduction de toute partie du contenu de cet OP, ainsi que pour les demandes d'autorisation de reproduction de contenu, vous pouvez contacter le\/les <a href=\"mailto:info@papageorgiou-aeve.gr\" target=\"_blank\" rel=\"noopener\">info@papageorgiou-aeve.gr<\/a>.<\/p>\n<p><strong>Comportement de l'utilisateur<\/strong><\/p>\n<p>L'utilisation de l'OP par les utilisateurs doit s'inscrire dans le cadre d\u00e9fini par la loi, la bonne foi et les bonnes m\u0153urs, et \u00eatre effectu\u00e9e de mani\u00e8re \u00e0 ne pas limiter ou emp\u00eacher son utilisation par des tiers. Les utilisateurs de l'OP doivent respecter les r\u00e8gles et r\u00e8glements de la l\u00e9gislation grecque, de l'Union Europ\u00e9enne et des trait\u00e9s internationaux pertinents, et s'abstenir de tout comportement ill\u00e9gal et abusif qui pourrait affecter d'autres utilisateurs et causer des dommages \/ dysfonctionnements de l'OP. En cas de conduite ill\u00e9gale ou contraire aux pr\u00e9sentes conditions et au cadre juridique en vigueur, l'utilisateur est tenu de d\u00e9dommager le b\u00e9n\u00e9ficiaire pour tout dommage qu'il subirait en raison de ces actions.<\/p>\n<p><strong>Liens vers des sites web tiers<\/strong><\/p>\n<p>L'OP donne acc\u00e8s \u00e0 des sites web tiers via des liens appropri\u00e9s. Ces liens ont \u00e9t\u00e9 plac\u00e9s exclusivement pour la commodit\u00e9 des visiteurs \/ utilisateurs de l'OP, tandis que les sites web auxquels ils renvoient sont soumis aux termes d'utilisation respectifs de ces sites. L'insertion de liens ne constitue pas une approbation ou une acceptation du contenu des sites web respectifs par l'administrateur de l'OP, qui n'est pas responsable de leur contenu, ni des pratiques de confidentialit\u00e9 ou de l'exactitude des mat\u00e9riaux qu'ils contiennent. Si le visiteur \/ utilisateur de l'OP d\u00e9cide d'utiliser, via ses liens, l'un des sites web de tiers, il\/elle accepte de le faire \u00e0 ses propres risques.<\/p>\n<p><strong>Limitation de responsabilit\u00e9<\/strong><\/p>\n<p>Le contenu de l'OP est fourni \"tel quel\" et Papageorgiou A.E.V.E. ne donne aucune garantie, expresse ou implicite, concernant l'exhaustivit\u00e9, l'exactitude, la ponctualit\u00e9, la commercialisation, l'absence de violation ou l'ad\u00e9quation de ce contenu \u00e0 toute utilisation, application ou objectif. Papageorgiou A.E.V.E. n'est en aucun cas responsable, y compris en cas de n\u00e9gligence, de tout dommage subi par le visiteur \/ utilisateur des pages, services, options et contenus de l'OP, dans lesquels il\/elle agit de mani\u00e8re autonome et en connaissance de ces conditions. De plus, Papageorgiou A.E.V.E. ne garantit pas que les pages, services, options et contenus seront fournis sans interruption, sans erreurs, que les erreurs seront corrig\u00e9es ou que toutes les questions qui lui sont pos\u00e9es recevront une r\u00e9ponse. De m\u00eame, Papageorgiou A.E.V.E. ne garantit pas que l'OP ou tout autre site web li\u00e9, ni les serveurs par lesquels le contenu est mis \u00e0 disposition des visiteurs \/ utilisateurs, sont exempts de \"virus\" ou d'autres composants nuisibles. Le co\u00fbt des \u00e9ventuelles corrections ou services est \u00e0 la charge du visiteur \/ utilisateur et en aucun cas \u00e0 la charge de Papageorgiou A.E.V.E..<\/p>\n<p><strong>S\u00e9curit\u00e9 du portail<\/strong><\/p>\n<p>L'acc\u00e8s au site web est fourni \u00e0 l'initiative du visiteur \/ utilisateur et non de Papageorgiou A.E.V.E.. Le visiteur \/ utilisateur du site web est seul responsable de disposer de l'\u00e9quipement n\u00e9cessaire (par exemple, ordinateur personnel), des logiciels, des \u00e9quipements de t\u00e9l\u00e9communication ainsi que de tout service n\u00e9cessaire pour acc\u00e9der au site web. L'utilisateur est \u00e9galement responsable de la protection de son syst\u00e8me contre les virus et autres logiciels malveillants.<\/p>\n<p>Papageorgiou A.E.V.E. a pris, dans la mesure du possible, toutes les mesures de s\u00e9curit\u00e9 n\u00e9cessaires pour prot\u00e9ger le site web contre les virus et autres logiciels malveillants et contr\u00f4le l'acc\u00e8s aux sites web avec des syst\u00e8mes de s\u00e9curit\u00e9 afin de pr\u00e9venir les attaques et autres actions non autoris\u00e9es.<\/p>\n<p><strong>Donn\u00e9es personnelles<\/strong><\/p>\n<p>En ce qui concerne les donn\u00e9es personnelles, Papageorgiou A.E.V.E. respecte le RGPD dans le cadre de ses activit\u00e9s et de ses objectifs et prend les mesures techniques et organisationnelles prescrites pour la protection effective des donn\u00e9es personnelles, conform\u00e9ment aux dispositions du RGPD et \u00e0 la l\u00e9gislation grecque par extension. Pour plus d'informations, veuillez consulter la section correspondante des informations sur le traitement de vos donn\u00e9es par Papageorgiou A.E.V.E..<\/p>\n<p><strong>Loi applicable \u2013 Autres conditions<\/strong><\/p>\n<p>Les termes et conditions d'utilisation de l'OP ci-dessus, ainsi que toute modification ou changement de ceux-ci, sont r\u00e9gis par le droit national, le droit communautaire et les trait\u00e9s internationaux pertinents. Toute disposition des termes ci-dessus qui est jug\u00e9e contraire au cadre juridique susmentionn\u00e9 ou qui devient invalide cesse automatiquement d'\u00eatre valable et est supprim\u00e9e de ceux-ci, sans affecter en aucune mani\u00e8re la validit\u00e9 des autres termes. Ceci constitue l'accord global entre l'administrateur de la base de donn\u00e9es et le visiteur \/ utilisateur de ses pages et services et les lie uniquement. Aucune modification de ces termes ne sera consid\u00e9r\u00e9e et ne fera partie de cet accord \u00e0 moins qu'elle ne soit faite par \u00e9crit et int\u00e9gr\u00e9e dans le pr\u00e9sent document.<\/p>\n<p>Il est express\u00e9ment convenu que tout litige d\u00e9coulant de l'application de ces termes et de l'utilisation g\u00e9n\u00e9rale du site par le visiteur ou l'utilisateur de celui-ci, s'il n'est pas r\u00e9solu \u00e0 l'amiable, sera r\u00e9gi par le droit grec et soumis \u00e0 la juridiction des tribunaux d'Ath\u00e8nes.<\/p>\n<p>Pour toute communication avec l'administrateur de l'OP, veuillez envoyer un e-mail \u00e0 l'adresse <a href=\"mailto:info@papageorgiou-aeve.gr\" target=\"_blank\" rel=\"noopener\">info@papageorgiou-aeve.gr<\/a>.<\/p>\n\n\t\t<\/div>\n\t<\/div>\n<\/div><\/div><\/div><\/div>\n<\/div>","protected":false},"excerpt":{"rendered":"\u0397 \u03c7\u03c1\u03ae\u03c3\u03b7 \u03c4\u03b7\u03c2 \u03c0\u03b1\u03c1\u03bf\u03cd\u03c3\u03b1\u03c2 \u0394\u03b9\u03b1\u03b4\u03b9\u03ba\u03c4\u03c5\u03b1\u03ba\u03ae\u03c2 \u03a0\u03cd\u03bb\u03b7\u03c2 (\u03b5\u03c6\u03b5\u03be\u03ae\u03c2 \u0394\u03a0) \u03c5\u03c0\u03cc\u03ba\u03b5\u03b9\u03c4\u03b1\u03b9 \u03c3\u03c4\u03bf\u03c5\u03c2 \u03cc\u03c1\u03bf\u03c5\u03c2 \u03c0\u03bf\u03c5 \u03c0\u03b1\u03c1\u03b1\u03c4\u03af\u03b8\u03b5\u03bd\u03c4\u03b1\u03b9 \u03c3\u03c4\u03b7 \u03c3\u03c5\u03bd\u03ad\u03c7\u03b5\u03b9\u03b1. \u0397 \u03c7\u03c1\u03ae\u03c3\u03b7 \u03c4\u03b7\u03c2 \u0394\u03a0 \u03b1\u03c0\u03bf\u03c4\u03b5\u03bb\u03b5\u03af","protected":false},"author":1,"featured_media":0,"parent":0,"menu_order":0,"comment_status":"closed","ping_status":"closed","template":"","meta":{"_monsterinsights_skip_tracking":false,"_monsterinsights_sitenote_active":false,"_monsterinsights_sitenote_note":"","_monsterinsights_sitenote_category":0,"footnotes":""},"class_list":["post-13","page","type-page","status-publish","hentry"],"yoast_head":"<!-- This site is optimized with the Yoast SEO plugin v26.7 - https:\/\/yoast.com\/wordpress\/plugins\/seo\/ -->\n<title>\u038c\u03c1\u03bf\u03b9 \u03a7\u03c1\u03ae\u03c3\u03b7\u03c2 | \u03a0\u03b1\u03c0\u03b1\u03b3\u03b5\u03c9\u03c1\u03b3\u03af\u03bf\u03c5 \u0391\u0395\u0392\u0395<\/title>\n<meta name=\"robots\" content=\"noindex, nofollow\" \/>\n<meta property=\"og:locale\" content=\"fr_FR\" \/>\n<meta property=\"og:type\" content=\"article\" \/>\n<meta property=\"og:title\" content=\"\u038c\u03c1\u03bf\u03b9 \u03a7\u03c1\u03ae\u03c3\u03b7\u03c2 | \u03a0\u03b1\u03c0\u03b1\u03b3\u03b5\u03c9\u03c1\u03b3\u03af\u03bf\u03c5 \u0391\u0395\u0392\u0395\" \/>\n<meta property=\"og:url\" content=\"https:\/\/papageorgiou-aeve.gr\/fr\/terms-of-use\/\" \/>\n<meta property=\"og:site_name\" content=\"\u03a0\u03b1\u03c0\u03b1\u03b3\u03b5\u03c9\u03c1\u03b3\u03af\u03bf\u03c5 \u0391\u0395\u0392\u0395\" \/>\n<meta property=\"article:publisher\" content=\"https:\/\/www.facebook.com\/papageorgiouaeve\" \/>\n<meta property=\"article:modified_time\" content=\"2025-03-05T18:30:23+00:00\" \/>\n<meta property=\"og:image\" content=\"https:\/\/papageorgiou-aeve.gr\/wp-content\/uploads\/2025\/01\/papageorgiou-aebe-logo-1200x675-1.png\" \/>\n\t<meta property=\"og:image:width\" content=\"1200\" \/>\n\t<meta property=\"og:image:height\" content=\"675\" \/>\n\t<meta property=\"og:image:type\" content=\"image\/png\" \/>\n<meta name=\"twitter:card\" content=\"summary_large_image\" \/>\n<meta name=\"twitter:label1\" content=\"Dur\u00e9e de lecture estim\u00e9e\" \/>\n\t<meta name=\"twitter:data1\" content=\"6 minutes\" \/>\n<script type=\"application\/ld+json\" class=\"yoast-schema-graph\">{\"@context\":\"https:\/\/schema.org\",\"@graph\":[{\"@type\":\"WebPage\",\"@id\":\"https:\/\/papageorgiou-aeve.gr\/terms-of-use\/\",\"url\":\"https:\/\/papageorgiou-aeve.gr\/terms-of-use\/\",\"name\":\"\u038c\u03c1\u03bf\u03b9 \u03a7\u03c1\u03ae\u03c3\u03b7\u03c2 | \u03a0\u03b1\u03c0\u03b1\u03b3\u03b5\u03c9\u03c1\u03b3\u03af\u03bf\u03c5 \u0391\u0395\u0392\u0395\",\"isPartOf\":{\"@id\":\"https:\/\/papageorgiou-aeve.gr\/#website\"},\"datePublished\":\"2025-01-02T11:07:33+00:00\",\"dateModified\":\"2025-03-05T18:30:23+00:00\",\"breadcrumb\":{\"@id\":\"https:\/\/papageorgiou-aeve.gr\/terms-of-use\/#breadcrumb\"},\"inLanguage\":\"fr-FR\",\"potentialAction\":[{\"@type\":\"ReadAction\",\"target\":[\"https:\/\/papageorgiou-aeve.gr\/terms-of-use\/\"]}]},{\"@type\":\"BreadcrumbList\",\"@id\":\"https:\/\/papageorgiou-aeve.gr\/terms-of-use\/#breadcrumb\",\"itemListElement\":[{\"@type\":\"ListItem\",\"position\":1,\"name\":\"\u0391\u03c1\u03c7\u03b9\u03ba\u03ae\",\"item\":\"https:\/\/papageorgiou-aeve.gr\/\"},{\"@type\":\"ListItem\",\"position\":2,\"name\":\"\u038c\u03c1\u03bf\u03b9 \u03a7\u03c1\u03ae\u03c3\u03b7\u03c2\"}]},{\"@type\":\"WebSite\",\"@id\":\"https:\/\/papageorgiou-aeve.gr\/#website\",\"url\":\"https:\/\/papageorgiou-aeve.gr\/\",\"name\":\"\u03a0\u03b1\u03c0\u03b1\u03b3\u03b5\u03c9\u03c1\u03b3\u03af\u03bf\u03c5 \u0391\u0395\u0392\u0395\",\"description\":\"\u0395\u03c4\u03b1\u03b9\u03c1\u03b5\u03af\u03b1 \u0395\u03bc\u03c0\u03bf\u03c1\u03af\u03bf\u03c5 \u039e\u03c5\u03bb\u03b5\u03af\u03b1\u03c2 \u039b\u03ad\u03c3\u03b2\u03bf\u03c5\",\"publisher\":{\"@id\":\"https:\/\/papageorgiou-aeve.gr\/#organization\"},\"alternateName\":\"\u0395\u03c4\u03b1\u03b9\u03c1\u03b5\u03af\u03b1 \u0395\u03bc\u03c0\u03bf\u03c1\u03af\u03bf\u03c5 \u039e\u03c5\u03bb\u03b5\u03af\u03b1\u03c2 \u039b\u03ad\u03c3\u03b2\u03bf\u03c5\",\"potentialAction\":[{\"@type\":\"SearchAction\",\"target\":{\"@type\":\"EntryPoint\",\"urlTemplate\":\"https:\/\/papageorgiou-aeve.gr\/?s={search_term_string}\"},\"query-input\":{\"@type\":\"PropertyValueSpecification\",\"valueRequired\":true,\"valueName\":\"search_term_string\"}}],\"inLanguage\":\"fr-FR\"},{\"@type\":\"Organization\",\"@id\":\"https:\/\/papageorgiou-aeve.gr\/#organization\",\"name\":\"\u03a0\u03b1\u03c0\u03b1\u03b3\u03b5\u03c9\u03c1\u03b3\u03af\u03bf\u03c5 \u0391\u0395\u0392\u0395\",\"alternateName\":\"\u0395\u03c4\u03b1\u03b9\u03c1\u03b5\u03af\u03b1 \u0395\u03bc\u03c0\u03bf\u03c1\u03af\u03bf\u03c5 \u039e\u03c5\u03bb\u03b5\u03af\u03b1\u03c2 \u039b\u03ad\u03c3\u03b2\u03bf\u03c5\",\"url\":\"https:\/\/papageorgiou-aeve.gr\/\",\"logo\":{\"@type\":\"ImageObject\",\"inLanguage\":\"fr-FR\",\"@id\":\"https:\/\/papageorgiou-aeve.gr\/#\/schema\/logo\/image\/\",\"url\":\"https:\/\/papageorgiou-aeve.gr\/wp-content\/uploads\/2025\/01\/papageorgiou-aebe-logo-696.png\",\"contentUrl\":\"https:\/\/papageorgiou-aeve.gr\/wp-content\/uploads\/2025\/01\/papageorgiou-aebe-logo-696.png\",\"width\":696,\"height\":696,\"caption\":\"\u03a0\u03b1\u03c0\u03b1\u03b3\u03b5\u03c9\u03c1\u03b3\u03af\u03bf\u03c5 \u0391\u0395\u0392\u0395\"},\"image\":{\"@id\":\"https:\/\/papageorgiou-aeve.gr\/#\/schema\/logo\/image\/\"},\"sameAs\":[\"https:\/\/www.facebook.com\/papageorgiouaeve\"]}]}<\/script>\n<!-- \/ Yoast SEO plugin. -->","yoast_head_json":{"title":"\u038c\u03c1\u03bf\u03b9 \u03a7\u03c1\u03ae\u03c3\u03b7\u03c2 | \u03a0\u03b1\u03c0\u03b1\u03b3\u03b5\u03c9\u03c1\u03b3\u03af\u03bf\u03c5 \u0391\u0395\u0392\u0395","robots":{"index":"noindex","follow":"nofollow"},"og_locale":"fr_FR","og_type":"article","og_title":"\u038c\u03c1\u03bf\u03b9 \u03a7\u03c1\u03ae\u03c3\u03b7\u03c2 | \u03a0\u03b1\u03c0\u03b1\u03b3\u03b5\u03c9\u03c1\u03b3\u03af\u03bf\u03c5 \u0391\u0395\u0392\u0395","og_url":"https:\/\/papageorgiou-aeve.gr\/fr\/terms-of-use\/","og_site_name":"\u03a0\u03b1\u03c0\u03b1\u03b3\u03b5\u03c9\u03c1\u03b3\u03af\u03bf\u03c5 \u0391\u0395\u0392\u0395","article_publisher":"https:\/\/www.facebook.com\/papageorgiouaeve","article_modified_time":"2025-03-05T18:30:23+00:00","og_image":[{"width":1200,"height":675,"url":"https:\/\/papageorgiou-aeve.gr\/wp-content\/uploads\/2025\/01\/papageorgiou-aebe-logo-1200x675-1.png","type":"image\/png"}],"twitter_card":"summary_large_image","twitter_misc":{"Dur\u00e9e de lecture estim\u00e9e":"6 minutes"},"schema":{"@context":"https:\/\/schema.org","@graph":[{"@type":"WebPage","@id":"https:\/\/papageorgiou-aeve.gr\/terms-of-use\/","url":"https:\/\/papageorgiou-aeve.gr\/terms-of-use\/","name":"\u038c\u03c1\u03bf\u03b9 \u03a7\u03c1\u03ae\u03c3\u03b7\u03c2 | \u03a0\u03b1\u03c0\u03b1\u03b3\u03b5\u03c9\u03c1\u03b3\u03af\u03bf\u03c5 \u0391\u0395\u0392\u0395","isPartOf":{"@id":"https:\/\/papageorgiou-aeve.gr\/#website"},"datePublished":"2025-01-02T11:07:33+00:00","dateModified":"2025-03-05T18:30:23+00:00","breadcrumb":{"@id":"https:\/\/papageorgiou-aeve.gr\/terms-of-use\/#breadcrumb"},"inLanguage":"fr-FR","potentialAction":[{"@type":"ReadAction","target":["https:\/\/papageorgiou-aeve.gr\/terms-of-use\/"]}]},{"@type":"BreadcrumbList","@id":"https:\/\/papageorgiou-aeve.gr\/terms-of-use\/#breadcrumb","itemListElement":[{"@type":"ListItem","position":1,"name":"\u0391\u03c1\u03c7\u03b9\u03ba\u03ae","item":"https:\/\/papageorgiou-aeve.gr\/"},{"@type":"ListItem","position":2,"name":"\u038c\u03c1\u03bf\u03b9 \u03a7\u03c1\u03ae\u03c3\u03b7\u03c2"}]},{"@type":"WebSite","@id":"https:\/\/papageorgiou-aeve.gr\/#website","url":"https:\/\/papageorgiou-aeve.gr\/","name":"Papageorgiou S.A.","description":"\u0395\u03c4\u03b1\u03b9\u03c1\u03b5\u03af\u03b1 \u0395\u03bc\u03c0\u03bf\u03c1\u03af\u03bf\u03c5 \u039e\u03c5\u03bb\u03b5\u03af\u03b1\u03c2 \u039b\u03ad\u03c3\u03b2\u03bf\u03c5","publisher":{"@id":"https:\/\/papageorgiou-aeve.gr\/#organization"},"alternateName":"\u0395\u03c4\u03b1\u03b9\u03c1\u03b5\u03af\u03b1 \u0395\u03bc\u03c0\u03bf\u03c1\u03af\u03bf\u03c5 \u039e\u03c5\u03bb\u03b5\u03af\u03b1\u03c2 \u039b\u03ad\u03c3\u03b2\u03bf\u03c5","potentialAction":[{"@type":"SearchAction","target":{"@type":"EntryPoint","urlTemplate":"https:\/\/papageorgiou-aeve.gr\/?s={search_term_string}"},"query-input":{"@type":"PropertyValueSpecification","valueRequired":true,"valueName":"search_term_string"}}],"inLanguage":"fr-FR"},{"@type":"Organization","@id":"https:\/\/papageorgiou-aeve.gr\/#organization","name":"Papageorgiou S.A.","alternateName":"\u0395\u03c4\u03b1\u03b9\u03c1\u03b5\u03af\u03b1 \u0395\u03bc\u03c0\u03bf\u03c1\u03af\u03bf\u03c5 \u039e\u03c5\u03bb\u03b5\u03af\u03b1\u03c2 \u039b\u03ad\u03c3\u03b2\u03bf\u03c5","url":"https:\/\/papageorgiou-aeve.gr\/","logo":{"@type":"ImageObject","inLanguage":"fr-FR","@id":"https:\/\/papageorgiou-aeve.gr\/#\/schema\/logo\/image\/","url":"https:\/\/papageorgiou-aeve.gr\/wp-content\/uploads\/2025\/01\/papageorgiou-aebe-logo-696.png","contentUrl":"https:\/\/papageorgiou-aeve.gr\/wp-content\/uploads\/2025\/01\/papageorgiou-aebe-logo-696.png","width":696,"height":696,"caption":"\u03a0\u03b1\u03c0\u03b1\u03b3\u03b5\u03c9\u03c1\u03b3\u03af\u03bf\u03c5 \u0391\u0395\u0392\u0395"},"image":{"@id":"https:\/\/papageorgiou-aeve.gr\/#\/schema\/logo\/image\/"},"sameAs":["https:\/\/www.facebook.com\/papageorgiouaeve"]}]}},"_links":{"self":[{"href":"https:\/\/papageorgiou-aeve.gr\/fr\/wp-json\/wp\/v2\/pages\/13","targetHints":{"allow":["GET"]}}],"collection":[{"href":"https:\/\/papageorgiou-aeve.gr\/fr\/wp-json\/wp\/v2\/pages"}],"about":[{"href":"https:\/\/papageorgiou-aeve.gr\/fr\/wp-json\/wp\/v2\/types\/page"}],"author":[{"embeddable":true,"href":"https:\/\/papageorgiou-aeve.gr\/fr\/wp-json\/wp\/v2\/users\/1"}],"replies":[{"embeddable":true,"href":"https:\/\/papageorgiou-aeve.gr\/fr\/wp-json\/wp\/v2\/comments?post=13"}],"version-history":[{"count":2,"href":"https:\/\/papageorgiou-aeve.gr\/fr\/wp-json\/wp\/v2\/pages\/13\/revisions"}],"predecessor-version":[{"id":1100,"href":"https:\/\/papageorgiou-aeve.gr\/fr\/wp-json\/wp\/v2\/pages\/13\/revisions\/1100"}],"wp:attachment":[{"href":"https:\/\/papageorgiou-aeve.gr\/fr\/wp-json\/wp\/v2\/media?parent=13"}],"curies":[{"name":"wp","href":"https:\/\/api.w.org\/{rel}","templated":true}]}}